{"id":1975,"date":"2023-08-03T14:31:43","date_gmt":"2023-08-03T17:31:43","guid":{"rendered":"http:\/\/eetad.com.br\/?page_id=1975"},"modified":"2024-03-27T16:15:17","modified_gmt":"2024-03-27T19:15:17","slug":"nosso-fundador","status":"publish","type":"page","link":"http:\/\/eetad.com.br\/index.php\/nosso-fundador\/","title":{"rendered":"Nosso Fundador"},"content":{"rendered":"\t\t<div data-elementor-type=\"wp-page\" data-elementor-id=\"1975\" class=\"elementor elementor-1975\">\n\t\t\t\t<div class=\"elementor-element elementor-element-f6cc5a1 e-flex e-con-boxed e-con e-parent\" data-id=\"f6cc5a1\" data-element_type=\"container\" data-e-type=\"container\" data-settings=\"{&quot;background_background&quot;:&quot;classic&quot;}\">\n\t\t\t\t\t<div class=\"e-con-inner\">\n\t\t\t\t<div class=\"elementor-element elementor-element-5ad199c title-pages elementor-widget elementor-widget-heading\" data-id=\"5ad199c\" data-element_type=\"widget\" data-e-type=\"widget\" data-widget_type=\"heading.default\">\n\t\t\t\t<div class=\"elementor-widget-container\">\n\t\t\t\t\t<h1 class=\"elementor-heading-title elementor-size-default\">Pr. Bernhard Johnson<\/h1>\t\t\t\t<\/div>\n\t\t\t\t<\/div>\n\t\t\t\t\t<\/div>\n\t\t\t\t<\/div>\n\t\t<div class=\"elementor-element elementor-element-619643e e-flex e-con-boxed e-con e-parent\" data-id=\"619643e\" data-element_type=\"container\" data-e-type=\"container\">\n\t\t\t\t\t<div class=\"e-con-inner\">\n\t\t<div class=\"elementor-element elementor-element-83a5636 e-flex e-con-boxed e-con e-child\" data-id=\"83a5636\" data-element_type=\"container\" data-e-type=\"container\">\n\t\t\t\t\t<div class=\"e-con-inner\">\n\t\t\t\t<div class=\"elementor-element elementor-element-e62d7a1 elementor-widget elementor-widget-spacer\" data-id=\"e62d7a1\" data-element_type=\"widget\" data-e-type=\"widget\" data-widget_type=\"spacer.default\">\n\t\t\t\t<div class=\"elementor-widget-container\">\n\t\t\t\t\t\t\t<div class=\"elementor-spacer\">\n\t\t\t<div class=\"elementor-spacer-inner\"><\/div>\n\t\t<\/div>\n\t\t\t\t\t\t<\/div>\n\t\t\t\t<\/div>\n\t\t\t\t\t<\/div>\n\t\t\t\t<\/div>\n\t\t\t\t\t<\/div>\n\t\t\t\t<\/div>\n\t\t<div class=\"elementor-element elementor-element-1e060bb e-flex e-con-boxed e-con e-parent\" data-id=\"1e060bb\" data-element_type=\"container\" data-e-type=\"container\">\n\t\t\t\t\t<div class=\"e-con-inner\">\n\t\t<div class=\"elementor-element elementor-element-71a6a38 e-flex e-con-boxed e-con e-child\" data-id=\"71a6a38\" data-element_type=\"container\" data-e-type=\"container\">\n\t\t\t\t\t<div class=\"e-con-inner\">\n\t\t\t\t<div class=\"elementor-element elementor-element-d75c3c6 animated-slow elementor-widget__width-initial elementor-widget-mobile__width-initial elementor-invisible elementor-widget elementor-widget-image\" data-id=\"d75c3c6\" data-element_type=\"widget\" data-e-type=\"widget\" data-settings=\"{&quot;_animation&quot;:&quot;fadeInLeft&quot;,&quot;_animation_delay&quot;:100}\" data-widget_type=\"image.default\">\n\t\t\t\t<div class=\"elementor-widget-container\">\n\t\t\t\t\t\t\t\t\t\t\t\t\t\t\t<img decoding=\"async\" src=\"http:\/\/eetad.com.br\/wp-content\/uploads\/elementor\/thumbs\/Pr.-Bernhard-Johnson-qadn7s4b2eno3ui5nq026nhgsvn43ycf54c4w4pth4.webp\" title=\"Pr. Bernhard Johnson\" alt=\"Pr. Bernhard Johnson\" loading=\"lazy\" \/>\t\t\t\t\t\t\t\t\t\t\t\t\t\t\t<\/div>\n\t\t\t\t<\/div>\n\t\t\t\t<div class=\"elementor-element elementor-element-ab3a481 elementor-widget elementor-widget-heading\" data-id=\"ab3a481\" data-element_type=\"widget\" data-e-type=\"widget\" data-widget_type=\"heading.default\">\n\t\t\t\t<div class=\"elementor-widget-container\">\n\t\t\t\t\t<h6 class=\"elementor-heading-title elementor-size-default\"><b>MISSION\u00c1RIO BERNHARD JOHNSON JR.<\/b>\n<br \/>Fundador da EETAD\n<br \/>(1931 - 1995)<\/h6>\t\t\t\t<\/div>\n\t\t\t\t<\/div>\n\t\t\t\t\t<\/div>\n\t\t\t\t<\/div>\n\t\t<div class=\"elementor-element elementor-element-bc7379a e-flex e-con-boxed e-con e-child\" data-id=\"bc7379a\" data-element_type=\"container\" data-e-type=\"container\">\n\t\t\t\t\t<div class=\"e-con-inner\">\n\t\t\t\t<div class=\"elementor-element elementor-element-a8b071e elementor-widget elementor-widget-text-editor\" data-id=\"a8b071e\" data-element_type=\"widget\" data-e-type=\"widget\" data-widget_type=\"text-editor.default\">\n\t\t\t\t<div class=\"elementor-widget-container\">\n\t\t\t\t\t\t\t\t\t<p><strong>Bernhard Johnson Jr.<\/strong> nasceu em Alameda (Calif\u00f3rnia, EUA, em 20 de Julho de 1931, filho de Bernhard e Antonette Johnson. Em 1940 seus pais vieram para o Brasil com a fam\u00edlia e iniciaram, no sul das Minas Gerais, um trabalho evangel\u00edstico que resultou na funda\u00e7\u00e3o de muitas igrejas. O menino Bernhard, com nove anos \u00e0 \u00e9poca, cresceu impregnado pelo aroma do campo mission\u00e1rio.<\/p><p>Na d\u00e9cada de 1950, ent\u00e3o no quarto ano da faculdade de engenharia civil cursada em Lavras \u2013 MG, o jovem Bernhard, que sonhava ser construtor de pontes, teve uma vis\u00e3o que reavivou-lhe a chamada recebida na inf\u00e2ncia. Decidido, abandonou o projeto de uma carreira secular e seguiu para os EUA, para estudar no Central Bible College, em Springfield. L\u00e1, em 1951, conheceu a jovem Doris Pearl Puckett, de Detroit, com quem se casou no ano seguinte, e que se tornou sua incans\u00e1vel companheira de minist\u00e9rio.<\/p><p>Antes de retornar ao Brasil, em 1957, ele pastoreou duas igrejas no estado americano da Calif\u00f3rnia. S\u00f3 ent\u00e3o, ele voltou ao Brasil, para o mesmo estado de Minas Gerais.<\/p>\t\t\t\t\t\t\t\t<\/div>\n\t\t\t\t<\/div>\n\t\t\t\t\t<\/div>\n\t\t\t\t<\/div>\n\t\t\t\t\t<\/div>\n\t\t\t\t<\/div>\n\t\t<div class=\"elementor-element elementor-element-e5a74f7 e-flex e-con-boxed e-con e-parent\" data-id=\"e5a74f7\" data-element_type=\"container\" data-e-type=\"container\">\n\t\t\t\t\t<div class=\"e-con-inner\">\n\t\t<div class=\"elementor-element elementor-element-b958cb8 e-flex e-con-boxed e-con e-child\" data-id=\"b958cb8\" data-element_type=\"container\" data-e-type=\"container\">\n\t\t\t\t\t<div class=\"e-con-inner\">\n\t\t\t\t<div class=\"elementor-element elementor-element-2d3ec3a elementor-widget elementor-widget-spacer\" data-id=\"2d3ec3a\" data-element_type=\"widget\" data-e-type=\"widget\" data-widget_type=\"spacer.default\">\n\t\t\t\t<div class=\"elementor-widget-container\">\n\t\t\t\t\t\t\t<div class=\"elementor-spacer\">\n\t\t\t<div class=\"elementor-spacer-inner\"><\/div>\n\t\t<\/div>\n\t\t\t\t\t\t<\/div>\n\t\t\t\t<\/div>\n\t\t\t\t\t<\/div>\n\t\t\t\t<\/div>\n\t\t\t\t\t<\/div>\n\t\t\t\t<\/div>\n\t\t<div class=\"elementor-element elementor-element-a825017 e-flex e-con-boxed e-con e-parent\" data-id=\"a825017\" data-element_type=\"container\" data-e-type=\"container\">\n\t\t\t\t\t<div class=\"e-con-inner\">\n\t\t<div class=\"elementor-element elementor-element-0485935 animated-slow e-flex e-con-boxed elementor-invisible e-con e-child\" data-id=\"0485935\" data-element_type=\"container\" data-e-type=\"container\" data-settings=\"{&quot;background_background&quot;:&quot;classic&quot;,&quot;animation&quot;:&quot;fadeIn&quot;,&quot;animation_delay&quot;:150}\">\n\t\t\t\t\t<div class=\"e-con-inner\">\n\t\t\t\t<div class=\"elementor-element elementor-element-9efe218 elementor-widget elementor-widget-spacer\" data-id=\"9efe218\" data-element_type=\"widget\" data-e-type=\"widget\" data-widget_type=\"spacer.default\">\n\t\t\t\t<div class=\"elementor-widget-container\">\n\t\t\t\t\t\t\t<div class=\"elementor-spacer\">\n\t\t\t<div class=\"elementor-spacer-inner\"><\/div>\n\t\t<\/div>\n\t\t\t\t\t\t<\/div>\n\t\t\t\t<\/div>\n\t\t\t\t<div class=\"elementor-element elementor-element-ff309e8 elementor-widget elementor-widget-heading\" data-id=\"ff309e8\" data-element_type=\"widget\" data-e-type=\"widget\" data-widget_type=\"heading.default\">\n\t\t\t\t<div class=\"elementor-widget-container\">\n\t\t\t\t\t<h2 class=\"elementor-heading-title elementor-size-default\">A Servi\u00e7o do Reino<\/h2>\t\t\t\t<\/div>\n\t\t\t\t<\/div>\n\t\t<div class=\"elementor-element elementor-element-1ea448c e-flex e-con-boxed e-con e-child\" data-id=\"1ea448c\" data-element_type=\"container\" data-e-type=\"container\">\n\t\t\t\t\t<div class=\"e-con-inner\">\n\t\t<div class=\"elementor-element elementor-element-4ef6d92 e-flex e-con-boxed e-con e-child\" data-id=\"4ef6d92\" data-element_type=\"container\" data-e-type=\"container\">\n\t\t\t\t\t<div class=\"e-con-inner\">\n\t\t\t\t<div class=\"elementor-element elementor-element-4f3295d elementor-widget elementor-widget-text-editor\" data-id=\"4f3295d\" data-element_type=\"widget\" data-e-type=\"widget\" data-widget_type=\"text-editor.default\">\n\t\t\t\t<div class=\"elementor-widget-container\">\n\t\t\t\t\t\t\t\t\t<p>Depois de pastorear as cidades mineiras de Varginha e Divin\u00f3polis, ficou claro para o irm\u00e3o Bernhard que Deus o estava chamando para novos desafios. Assim, em 1964, na dire\u00e7\u00e3o do Esp\u00edrito Santo, o Mission\u00e1rio Bernhard Johnson iniciou o projeto que definiria o seu minist\u00e9rio para Cristo, nasciam as Cruzadas Boas-Novas, mas tarde chamadas de Cruzadas Bernhard Johnson.<\/p><p>Os primeiros ajuntamentos aconteceram dentro de templos. Embora os resultados fossem not\u00e1veis, os planos de Deus iam al\u00e9m. Em 1967, o Pr. Jos\u00e9 Ezequiel da Silva, da AD Taubat\u00e9 (SP), decidiu receber as Cruzadas em sua cidade, mas em um gin\u00e1sio, e n\u00e3o no templo. Poucas semanas depois, noutro trabalho, em Santos (SP), o Senhor confirmou Seus planos ao libertar uma mulher chama Rita, possu\u00edda por sete esp\u00edritos. Enquanto os dem\u00f4nios eram expelidos, o corpo da mulher flutuava a certa altura do ch\u00e3o.<\/p><p>Durante trinta anos, realizaram-se 225 cruzadas, nas quais 1,8 milh\u00e3o de almas se renderam a Cristo. Os relatos de curas, liberta\u00e7\u00f5es e convers\u00f5es acumularam-se. Como o pr\u00f3prio Pastor Bernhard costumava escrever em seus relat\u00f3rios sobre os trabalhos, a Deus seja toda a honra e toda a gl\u00f3ria.<\/p><p>Numa certa noite de 1976, o Pastor Bernhard foi despertado por um ser angelical. O mensageiro divino tinha algo a mostrar- lhe. Como quem assiste a uma proje\u00e7\u00e3o, o homem de Deus viu detalhes do que fazer, leu os nomes e enxergou os rostos daqueles a quem deveria convocar para a efetiva\u00e7\u00e3o de uma nova tarefa. O tempo de pregar n\u00e3o tinha acabado, mas o tempo de ensinar chegara finalmente. Essa nova vis\u00e3o, por\u00e9m, era t\u00e3o inc\u00f4moda a ele, quanto a muitos l\u00edderes. Para alguns pastores, estudar Teologia n\u00e3o era coisa de crente; e para o Mission\u00e1rio Bernhard Johnson, ensinar Teologia n\u00e3o era coisa de evangelista. Mas o plano de Deus era outro.<\/p>\t\t\t\t\t\t\t\t<\/div>\n\t\t\t\t<\/div>\n\t\t\t\t\t<\/div>\n\t\t\t\t<\/div>\n\t\t\t\t\t<\/div>\n\t\t\t\t<\/div>\n\t\t\t\t<div class=\"elementor-element elementor-element-907b5cd elementor-widget elementor-widget-spacer\" data-id=\"907b5cd\" data-element_type=\"widget\" data-e-type=\"widget\" data-widget_type=\"spacer.default\">\n\t\t\t\t<div class=\"elementor-widget-container\">\n\t\t\t\t\t\t\t<div class=\"elementor-spacer\">\n\t\t\t<div class=\"elementor-spacer-inner\"><\/div>\n\t\t<\/div>\n\t\t\t\t\t\t<\/div>\n\t\t\t\t<\/div>\n\t\t\t\t\t<\/div>\n\t\t\t\t<\/div>\n\t\t\t\t\t<\/div>\n\t\t\t\t<\/div>\n\t\t<div class=\"elementor-element elementor-element-79933fb e-flex e-con-boxed e-con e-parent\" data-id=\"79933fb\" data-element_type=\"container\" data-e-type=\"container\" data-settings=\"{&quot;background_background&quot;:&quot;classic&quot;}\">\n\t\t\t\t\t<div class=\"e-con-inner\">\n\t\t\t\t\t<\/div>\n\t\t\t\t<\/div>\n\t\t<div class=\"elementor-element elementor-element-9cb36c6 e-flex e-con-boxed e-con e-parent\" data-id=\"9cb36c6\" data-element_type=\"container\" data-e-type=\"container\">\n\t\t\t\t\t<div class=\"e-con-inner\">\n\t\t<div class=\"elementor-element elementor-element-faddfc0 animated-slow e-flex e-con-boxed elementor-invisible e-con e-child\" data-id=\"faddfc0\" data-element_type=\"container\" data-e-type=\"container\" data-settings=\"{&quot;background_background&quot;:&quot;classic&quot;,&quot;animation&quot;:&quot;fadeIn&quot;,&quot;animation_delay&quot;:150}\">\n\t\t\t\t\t<div class=\"e-con-inner\">\n\t\t\t\t<div class=\"elementor-element elementor-element-97f56bc elementor-widget elementor-widget-spacer\" data-id=\"97f56bc\" data-element_type=\"widget\" data-e-type=\"widget\" data-widget_type=\"spacer.default\">\n\t\t\t\t<div class=\"elementor-widget-container\">\n\t\t\t\t\t\t\t<div class=\"elementor-spacer\">\n\t\t\t<div class=\"elementor-spacer-inner\"><\/div>\n\t\t<\/div>\n\t\t\t\t\t\t<\/div>\n\t\t\t\t<\/div>\n\t\t\t\t<div class=\"elementor-element elementor-element-cbef300 elementor-widget elementor-widget-heading\" data-id=\"cbef300\" data-element_type=\"widget\" data-e-type=\"widget\" data-widget_type=\"heading.default\">\n\t\t\t\t<div class=\"elementor-widget-container\">\n\t\t\t\t\t<h2 class=\"elementor-heading-title elementor-size-default\">O Senhor o levou. Mas o seu exemplo ficou!<\/h2>\t\t\t\t<\/div>\n\t\t\t\t<\/div>\n\t\t<div class=\"elementor-element elementor-element-52933f5 e-flex e-con-boxed e-con e-child\" data-id=\"52933f5\" data-element_type=\"container\" data-e-type=\"container\">\n\t\t\t\t\t<div class=\"e-con-inner\">\n\t\t<div class=\"elementor-element elementor-element-de9ce51 e-flex e-con-boxed e-con e-child\" data-id=\"de9ce51\" data-element_type=\"container\" data-e-type=\"container\">\n\t\t\t\t\t<div class=\"e-con-inner\">\n\t\t\t\t<div class=\"elementor-element elementor-element-55a3c8e elementor-widget elementor-widget-text-editor\" data-id=\"55a3c8e\" data-element_type=\"widget\" data-e-type=\"widget\" data-widget_type=\"text-editor.default\">\n\t\t\t\t<div class=\"elementor-widget-container\">\n\t\t\t\t\t\t\t\t\t<p>Poucas vezes a igreja brasileira viu tantos sinais e maravilhas como durante o minist\u00e9rio do Mission\u00e1rio Bernhard Johnson. Nunca, entretanto, este servo de Cristo ousou receber aquilo que n\u00e3o lhe pertencia. Para o irm\u00e3o Bernhard, toda a honra e toda a gl\u00f3ria pertencem ao Senhor Jesus Cristo. Ontem, hoje e eternamente.<\/p><p>Influente, ele participou de importantes eventos internacionais: foi orador da Confer\u00eancia Mundial Pentecostal de Londres (1976) e Nairobe (1982); pregou na Confer\u00eancia Internacional para Evangelistas, a convite de Billy Graham, em Amsterdam (em 1983 e 1986); foi delegado da Confer\u00eancia Mundial de Evangelismo em Berlim (1986) e da Lausanne II nas Filipinas (1989). Operoso, ajudou a fundar a primeira conven\u00e7\u00e3o mineira das ADs e foi seu primeiro presidente. Ainda em 1960, ocupou a Mesa Diretora da Sociedade B\u00edblica do Brasil. Em 1987, tornou-se conselheiro vital\u00edcio da CPAD. De 1974 at\u00e9 1984, ele presidiu os mission\u00e1rios da AD norte-americana no Brasil. E, em 1983, a Bethany College concedeu-lhe o t\u00edtulo de Doctor of Humane Letters.<\/p><p>Humilde, jamais diminuiu o valor daqueles que, ao seu lado, creram nas coisas que ele dizia ter visto. As vis\u00f5es que recebeu tornaram-se as miss\u00f5es das vidas de seus auxiliares. Os esfor\u00e7os destas centenas de homens e mulheres abnegados foram reconhecidos por ele.<\/p><p>Bernhard Johnson legou \u00e0 igreja algo al\u00e9m das institui\u00e7\u00f5es, dos eventos ou dos n\u00fameros incr\u00edveis. A sua heran\u00e7a \u00e0s gera\u00e7\u00f5es seguintes foi o exemplo; o seu legado foi a f\u00e9; o seu viver foi Cristo; e o seu morrer foi ganho. No dia 8 de fevereiro de 1995, o Pastor Bernhard dirigiu um culto com mission\u00e1rios e l\u00edderes da igreja americana. Terminada a reuni\u00e3o, no jantar de confraterniza\u00e7\u00e3o, ele sentiu-se mal. O homem que impetrou a cura sobre milhares, viu-se fr\u00e1gil em uma cama de hospital. Era sua \u00faltima cruzada, e lhe deram-lhe um leito por p\u00falpito, e enfermeiros por ouvintes. Aquele homem de Deus nunca pareceu t\u00e3o homem, e Deus jamais lhe fora t\u00e3o pr\u00f3ximo como logo seria. Em 16 de fevereiro, \u00e0s 14h36, ao cabo de 64 anos de uma vida dedicada a Cristo, o Senhor chamou Bernhard Johnson Jr. \u00e0 eternidade.<\/p>\t\t\t\t\t\t\t\t<\/div>\n\t\t\t\t<\/div>\n\t\t\t\t\t<\/div>\n\t\t\t\t<\/div>\n\t\t\t\t\t<\/div>\n\t\t\t\t<\/div>\n\t\t\t\t<div class=\"elementor-element elementor-element-06dd20a elementor-widget elementor-widget-spacer\" data-id=\"06dd20a\" data-element_type=\"widget\" data-e-type=\"widget\" data-widget_type=\"spacer.default\">\n\t\t\t\t<div class=\"elementor-widget-container\">\n\t\t\t\t\t\t\t<div class=\"elementor-spacer\">\n\t\t\t<div class=\"elementor-spacer-inner\"><\/div>\n\t\t<\/div>\n\t\t\t\t\t\t<\/div>\n\t\t\t\t<\/div>\n\t\t\t\t\t<\/div>\n\t\t\t\t<\/div>\n\t\t\t\t\t<\/div>\n\t\t\t\t<\/div>\n\t\t<div class=\"elementor-element elementor-element-c11d8e2 e-flex e-con-boxed e-con e-parent\" data-id=\"c11d8e2\" data-element_type=\"container\" data-e-type=\"container\">\n\t\t\t\t\t<div class=\"e-con-inner\">\n\t\t<div class=\"elementor-element elementor-element-007eb84 e-flex e-con-boxed e-con e-child\" data-id=\"007eb84\" data-element_type=\"container\" data-e-type=\"container\">\n\t\t\t\t\t<div class=\"e-con-inner\">\n\t\t\t\t<div class=\"elementor-element elementor-element-289ceee elementor-widget elementor-widget-spacer\" data-id=\"289ceee\" data-element_type=\"widget\" data-e-type=\"widget\" data-widget_type=\"spacer.default\">\n\t\t\t\t<div class=\"elementor-widget-container\">\n\t\t\t\t\t\t\t<div class=\"elementor-spacer\">\n\t\t\t<div class=\"elementor-spacer-inner\"><\/div>\n\t\t<\/div>\n\t\t\t\t\t\t<\/div>\n\t\t\t\t<\/div>\n\t\t\t\t\t<\/div>\n\t\t\t\t<\/div>\n\t\t\t\t\t<\/div>\n\t\t\t\t<\/div>\n\t\t<div class=\"elementor-element elementor-element-d82c4a7 e-flex e-con-boxed e-con e-parent\" data-id=\"d82c4a7\" data-element_type=\"container\" data-e-type=\"container\">\n\t\t\t\t\t<div class=\"e-con-inner\">\n\t\t\t\t<div class=\"elementor-element elementor-element-a2f807a e-transform elementor-widget elementor-widget-image\" data-id=\"a2f807a\" data-element_type=\"widget\" data-e-type=\"widget\" data-settings=\"{&quot;_transform_scale_effect_hover&quot;:{&quot;unit&quot;:&quot;px&quot;,&quot;size&quot;:0.9,&quot;sizes&quot;:[]},&quot;_transform_scale_effect_hover_tablet&quot;:{&quot;unit&quot;:&quot;px&quot;,&quot;size&quot;:&quot;&quot;,&quot;sizes&quot;:[]},&quot;_transform_scale_effect_hover_mobile&quot;:{&quot;unit&quot;:&quot;px&quot;,&quot;size&quot;:&quot;&quot;,&quot;sizes&quot;:[]}}\" data-widget_type=\"image.default\">\n\t\t\t\t<div class=\"elementor-widget-container\">\n\t\t\t\t\t\t\t\t\t\t\t\t\t\t\t\t<a href=\"http:\/\/eetad.com.br\/index.php\/missionaria-doris\/\">\n\t\t\t\t\t\t\t<img fetchpriority=\"high\" decoding=\"async\" width=\"617\" height=\"452\" src=\"http:\/\/eetad.com.br\/wp-content\/uploads\/2024\/03\/miss-doris1.webp\" class=\"attachment-full size-full wp-image-3776\" alt=\"\" srcset=\"http:\/\/eetad.com.br\/wp-content\/uploads\/2024\/03\/miss-doris1.webp 617w, http:\/\/eetad.com.br\/wp-content\/uploads\/2024\/03\/miss-doris1-300x220.webp 300w\" sizes=\"(max-width: 617px) 100vw, 617px\" \/>\t\t\t\t\t\t\t\t<\/a>\n\t\t\t\t\t\t\t\t\t\t\t\t\t\t\t<\/div>\n\t\t\t\t<\/div>\n\t\t\t\t<div class=\"elementor-element elementor-element-7800fe1 e-transform elementor-widget elementor-widget-image\" data-id=\"7800fe1\" data-element_type=\"widget\" data-e-type=\"widget\" data-settings=\"{&quot;_transform_scale_effect_hover&quot;:{&quot;unit&quot;:&quot;px&quot;,&quot;size&quot;:0.9,&quot;sizes&quot;:[]},&quot;_transform_scale_effect_hover_tablet&quot;:{&quot;unit&quot;:&quot;px&quot;,&quot;size&quot;:&quot;&quot;,&quot;sizes&quot;:[]},&quot;_transform_scale_effect_hover_mobile&quot;:{&quot;unit&quot;:&quot;px&quot;,&quot;size&quot;:&quot;&quot;,&quot;sizes&quot;:[]}}\" data-widget_type=\"image.default\">\n\t\t\t\t<div class=\"elementor-widget-container\">\n\t\t\t\t\t\t\t\t\t\t\t\t\t\t\t\t<a href=\"http:\/\/eetad.com.br\/index.php\/nossa-historia\/\">\n\t\t\t\t\t\t\t<img decoding=\"async\" width=\"617\" height=\"452\" src=\"http:\/\/eetad.com.br\/wp-content\/uploads\/2024\/03\/nossa-historia.webp\" class=\"attachment-full size-full wp-image-3777\" alt=\"\" srcset=\"http:\/\/eetad.com.br\/wp-content\/uploads\/2024\/03\/nossa-historia.webp 617w, http:\/\/eetad.com.br\/wp-content\/uploads\/2024\/03\/nossa-historia-300x220.webp 300w\" sizes=\"(max-width: 617px) 100vw, 617px\" \/>\t\t\t\t\t\t\t\t<\/a>\n\t\t\t\t\t\t\t\t\t\t\t\t\t\t\t<\/div>\n\t\t\t\t<\/div>\n\t\t\t\t\t<\/div>\n\t\t\t\t<\/div>\n\t\t\t\t<section class=\"elementor-section elementor-top-section elementor-element elementor-element-be3a437 elementor-section-boxed elementor-section-height-default elementor-section-height-default\" data-id=\"be3a437\" data-element_type=\"section\" data-e-type=\"section\">\n\t\t\t\t\t\t<div class=\"elementor-container elementor-column-gap-default\">\n\t\t\t\t\t<div class=\"elementor-column elementor-col-100 elementor-top-column elementor-element elementor-element-95695f5\" data-id=\"95695f5\" data-element_type=\"column\" data-e-type=\"column\">\n\t\t\t<div class=\"elementor-widget-wrap elementor-element-populated\">\n\t\t\t\t\t\t<div class=\"elementor-element elementor-element-97d5f38 elementor-widget elementor-widget-spacer\" data-id=\"97d5f38\" data-element_type=\"widget\" data-e-type=\"widget\" data-widget_type=\"spacer.default\">\n\t\t\t\t<div class=\"elementor-widget-container\">\n\t\t\t\t\t\t\t<div class=\"elementor-spacer\">\n\t\t\t<div class=\"elementor-spacer-inner\"><\/div>\n\t\t<\/div>\n\t\t\t\t\t\t<\/div>\n\t\t\t\t<\/div>\n\t\t\t\t\t<\/div>\n\t\t<\/div>\n\t\t\t\t\t<\/div>\n\t\t<\/section>\n\t\t\t\t<\/div>\n\t\t","protected":false},"excerpt":{"rendered":"<p>Pr. Bernhard Johnson MISSION\u00c1RIO BERNHARD JOHNSON JR. Fundador da EETAD (1931 &#8211; 1995) Bernhard Johnson Jr. nasceu em Alameda (Calif\u00f3rnia, EUA, em 20 de Julho de 1931, filho de Bernhard e Antonette Johnson. Em 1940 seus pais vieram para o Brasil com a fam\u00edlia e iniciaram, no sul das Minas Gerais, um trabalho evangel\u00edstico que [&hellip;]<\/p>\n","protected":false},"author":4,"featured_media":0,"parent":0,"menu_order":0,"comment_status":"closed","ping_status":"closed","template":"","meta":{"footnotes":""},"class_list":["post-1975","page","type-page","status-publish","hentry"],"_links":{"self":[{"href":"http:\/\/eetad.com.br\/index.php\/wp-json\/wp\/v2\/pages\/1975","targetHints":{"allow":["GET"]}}],"collection":[{"href":"http:\/\/eetad.com.br\/index.php\/wp-json\/wp\/v2\/pages"}],"about":[{"href":"http:\/\/eetad.com.br\/index.php\/wp-json\/wp\/v2\/types\/page"}],"author":[{"embeddable":true,"href":"http:\/\/eetad.com.br\/index.php\/wp-json\/wp\/v2\/users\/4"}],"replies":[{"embeddable":true,"href":"http:\/\/eetad.com.br\/index.php\/wp-json\/wp\/v2\/comments?post=1975"}],"version-history":[{"count":125,"href":"http:\/\/eetad.com.br\/index.php\/wp-json\/wp\/v2\/pages\/1975\/revisions"}],"predecessor-version":[{"id":5620,"href":"http:\/\/eetad.com.br\/index.php\/wp-json\/wp\/v2\/pages\/1975\/revisions\/5620"}],"wp:attachment":[{"href":"http:\/\/eetad.com.br\/index.php\/wp-json\/wp\/v2\/media?parent=1975"}],"curies":[{"name":"wp","href":"https:\/\/api.w.org\/{rel}","templated":true}]}}