{"id":2020,"date":"2023-08-03T14:47:58","date_gmt":"2023-08-03T17:47:58","guid":{"rendered":"http:\/\/eetad.com.br\/?page_id=2020"},"modified":"2024-03-27T16:12:46","modified_gmt":"2024-03-27T19:12:46","slug":"missionaria-doris","status":"publish","type":"page","link":"https:\/\/eetad.com.br\/index.php\/missionaria-doris\/","title":{"rendered":"Mission\u00e1ria Doris"},"content":{"rendered":"\t\t<div data-elementor-type=\"wp-page\" data-elementor-id=\"2020\" class=\"elementor elementor-2020\">\n\t\t\t\t<div class=\"elementor-element elementor-element-de79066 e-flex e-con-boxed e-con e-parent\" data-id=\"de79066\" data-element_type=\"container\" data-e-type=\"container\" data-settings=\"{&quot;background_background&quot;:&quot;classic&quot;}\">\n\t\t\t\t\t<div class=\"e-con-inner\">\n\t\t\t\t<div class=\"elementor-element elementor-element-944999e title-pages elementor-widget elementor-widget-heading\" data-id=\"944999e\" data-element_type=\"widget\" data-e-type=\"widget\" data-widget_type=\"heading.default\">\n\t\t\t\t<div class=\"elementor-widget-container\">\n\t\t\t\t\t<h1 class=\"elementor-heading-title elementor-size-default\">Mission\u00e1ria Doris Johnson<br><\/h1>\t\t\t\t<\/div>\n\t\t\t\t<\/div>\n\t\t\t\t\t<\/div>\n\t\t\t\t<\/div>\n\t\t<div class=\"elementor-element elementor-element-619643e e-flex e-con-boxed e-con e-parent\" data-id=\"619643e\" data-element_type=\"container\" data-e-type=\"container\">\n\t\t\t\t\t<div class=\"e-con-inner\">\n\t\t<div class=\"elementor-element elementor-element-83a5636 e-flex e-con-boxed e-con e-child\" data-id=\"83a5636\" data-element_type=\"container\" data-e-type=\"container\">\n\t\t\t\t\t<div class=\"e-con-inner\">\n\t\t\t\t<div class=\"elementor-element elementor-element-e62d7a1 elementor-widget elementor-widget-spacer\" data-id=\"e62d7a1\" data-element_type=\"widget\" data-e-type=\"widget\" data-widget_type=\"spacer.default\">\n\t\t\t\t<div class=\"elementor-widget-container\">\n\t\t\t\t\t\t\t<div class=\"elementor-spacer\">\n\t\t\t<div class=\"elementor-spacer-inner\"><\/div>\n\t\t<\/div>\n\t\t\t\t\t\t<\/div>\n\t\t\t\t<\/div>\n\t\t\t\t\t<\/div>\n\t\t\t\t<\/div>\n\t\t\t\t\t<\/div>\n\t\t\t\t<\/div>\n\t\t<div class=\"elementor-element elementor-element-598462a e-flex e-con-boxed e-con e-parent\" data-id=\"598462a\" data-element_type=\"container\" data-e-type=\"container\">\n\t\t\t\t\t<div class=\"e-con-inner\">\n\t\t<div class=\"elementor-element elementor-element-3fd7878 e-flex e-con-boxed e-con e-child\" data-id=\"3fd7878\" data-element_type=\"container\" data-e-type=\"container\">\n\t\t\t\t\t<div class=\"e-con-inner\">\n\t\t\t\t<div class=\"elementor-element elementor-element-1547ca4 animated-slow elementor-widget__width-initial elementor-widget-mobile__width-initial elementor-invisible elementor-widget elementor-widget-image\" data-id=\"1547ca4\" data-element_type=\"widget\" data-e-type=\"widget\" data-settings=\"{&quot;_animation&quot;:&quot;fadeInLeft&quot;,&quot;_animation_delay&quot;:100}\" data-widget_type=\"image.default\">\n\t\t\t\t<div class=\"elementor-widget-container\">\n\t\t\t\t\t\t\t\t\t\t\t\t\t\t\t<img decoding=\"async\" src=\"https:\/\/eetad.com.br\/wp-content\/uploads\/2023\/08\/miss-doris-1.webp\" title=\"miss-doris 1\" alt=\"miss-doris 1\" loading=\"lazy\" \/>\t\t\t\t\t\t\t\t\t\t\t\t\t\t\t<\/div>\n\t\t\t\t<\/div>\n\t\t\t\t<div class=\"elementor-element elementor-element-8910b00 elementor-widget elementor-widget-heading\" data-id=\"8910b00\" data-element_type=\"widget\" data-e-type=\"widget\" data-widget_type=\"heading.default\">\n\t\t\t\t<div class=\"elementor-widget-container\">\n\t\t\t\t\t<h6 class=\"elementor-heading-title elementor-size-default\"><b>MISSION\u00c1RIA DORIS JOHNSON<\/b>\n<br \/>PIONEIRA E CO-FUNDADORA DA EETAD<\/h6>\t\t\t\t<\/div>\n\t\t\t\t<\/div>\n\t\t\t\t\t<\/div>\n\t\t\t\t<\/div>\n\t\t<div class=\"elementor-element elementor-element-9f4f6fb e-flex e-con-boxed e-con e-child\" data-id=\"9f4f6fb\" data-element_type=\"container\" data-e-type=\"container\">\n\t\t\t\t\t<div class=\"e-con-inner\">\n\t\t\t\t<div class=\"elementor-element elementor-element-b705fd1 elementor-widget elementor-widget-heading\" data-id=\"b705fd1\" data-element_type=\"widget\" data-e-type=\"widget\" data-widget_type=\"heading.default\">\n\t\t\t\t<div class=\"elementor-widget-container\">\n\t\t\t\t\t<h2 class=\"elementor-heading-title elementor-size-default\">Pioneira<br \/>\nda EETAD<\/h2>\t\t\t\t<\/div>\n\t\t\t\t<\/div>\n\t\t\t\t<div class=\"elementor-element elementor-element-2ddfc3b elementor-widget elementor-widget-text-editor\" data-id=\"2ddfc3b\" data-element_type=\"widget\" data-e-type=\"widget\" data-widget_type=\"text-editor.default\">\n\t\t\t\t<div class=\"elementor-widget-container\">\n\t\t\t\t\t\t\t\t\t<p>A hist\u00f3ria da <strong>Mission\u00e1ria Doris Pearl Johnson<\/strong> \u00e9 tocante.\u00a0A serva de Deus nasceu em um lar humilde da Detroit (Michigan, EUA) dos anos 1930. Antes da expans\u00e3o econ\u00f4mica que fez daquela cidade o maior centro industrial automotivo do mundo, a vida era dif\u00edcil. Os racionamentos provocados pela 2\u00ba Guerra Mundial impuseram mais restri\u00e7\u00f5es. Foi assim que a menina Doris, primog\u00eanita entre oito irm\u00e3os, cresceu na companhia de seus pais, Oscar e Elizabeth Puckett, servos de Cristo.<\/p>\t\t\t\t\t\t\t\t<\/div>\n\t\t\t\t<\/div>\n\t\t\t\t\t<\/div>\n\t\t\t\t<\/div>\n\t\t\t\t\t<\/div>\n\t\t\t\t<\/div>\n\t\t<div class=\"elementor-element elementor-element-e5a74f7 e-flex e-con-boxed e-con e-parent\" data-id=\"e5a74f7\" data-element_type=\"container\" data-e-type=\"container\">\n\t\t\t\t\t<div class=\"e-con-inner\">\n\t\t<div class=\"elementor-element elementor-element-b958cb8 e-flex e-con-boxed e-con e-child\" data-id=\"b958cb8\" data-element_type=\"container\" data-e-type=\"container\">\n\t\t\t\t\t<div class=\"e-con-inner\">\n\t\t\t\t<div class=\"elementor-element elementor-element-2d3ec3a elementor-widget elementor-widget-spacer\" data-id=\"2d3ec3a\" data-element_type=\"widget\" data-e-type=\"widget\" data-widget_type=\"spacer.default\">\n\t\t\t\t<div class=\"elementor-widget-container\">\n\t\t\t\t\t\t\t<div class=\"elementor-spacer\">\n\t\t\t<div class=\"elementor-spacer-inner\"><\/div>\n\t\t<\/div>\n\t\t\t\t\t\t<\/div>\n\t\t\t\t<\/div>\n\t\t\t\t\t<\/div>\n\t\t\t\t<\/div>\n\t\t\t\t\t<\/div>\n\t\t\t\t<\/div>\n\t\t<div class=\"elementor-element elementor-element-e84f769 e-flex e-con-boxed e-con e-parent\" data-id=\"e84f769\" data-element_type=\"container\" data-e-type=\"container\">\n\t\t\t\t\t<div class=\"e-con-inner\">\n\t\t<div class=\"elementor-element elementor-element-7cb4d52 animated-slow e-flex e-con-boxed elementor-invisible e-con e-child\" data-id=\"7cb4d52\" data-element_type=\"container\" data-e-type=\"container\" data-settings=\"{&quot;background_background&quot;:&quot;classic&quot;,&quot;animation&quot;:&quot;fadeIn&quot;,&quot;animation_delay&quot;:150}\">\n\t\t\t\t\t<div class=\"e-con-inner\">\n\t\t\t\t<div class=\"elementor-element elementor-element-0a7d0c6 elementor-widget elementor-widget-spacer\" data-id=\"0a7d0c6\" data-element_type=\"widget\" data-e-type=\"widget\" data-widget_type=\"spacer.default\">\n\t\t\t\t<div class=\"elementor-widget-container\">\n\t\t\t\t\t\t\t<div class=\"elementor-spacer\">\n\t\t\t<div class=\"elementor-spacer-inner\"><\/div>\n\t\t<\/div>\n\t\t\t\t\t\t<\/div>\n\t\t\t\t<\/div>\n\t\t\t\t<div class=\"elementor-element elementor-element-009e909 elementor-widget elementor-widget-text-editor\" data-id=\"009e909\" data-element_type=\"widget\" data-e-type=\"widget\" data-widget_type=\"text-editor.default\">\n\t\t\t\t<div class=\"elementor-widget-container\">\n\t\t\t\t\t\t\t\t\t<p>O mundo ainda estava imerso na como\u00e7\u00e3o da Segunda Grande Guerra quando a fam\u00edlia da adolescente Doris se viu envolta em uma batalha particular e triste. Ap\u00f3s um per\u00edodo de enfermidade, sua m\u00e3e, t\u00e3o doce aos seus olhos como s\u00f3 as m\u00e3es parecem aos filhos, partiu deste mundo, sendo recolhida pelo Senhor \u00e0 eternidade. A vida implac\u00e1vel e a morte inclemente abalaram profundamente a fam\u00edlia Pucket. Incapaz de cuidar dos filhos sozinho, o irm\u00e3o Oscar viu suas crian\u00e7as serem acolhidas por outras fam\u00edlias da cidade e da igreja. Consumido pela tristeza, ele fez a mais comovente ora\u00e7\u00e3o de sua vida, suplicando ao Pai Celestial que lhe permitisse reunir seus filhos novamente, pois o luto por sua amada esposa era um fardo insuport\u00e1vel. Essa situa\u00e7\u00e3o angustiante perdurou por um ano, at\u00e9 que, finalmente, o Deus de amor colocou na vida da jovem Doris e de seus irm\u00e3os uma serva sua chamada Juanita. Com gentileza, ela cuidou das crian\u00e7as e tamb\u00e9m do irm\u00e3o Oscar, vindo a se tornar sua esposa e madrasta amada de seus filhos.<\/p><p>Apesar da vida simples, Oscar insistiu para que a filha mais velha estudasse piano cl\u00e1ssico. Em um esfor\u00e7o que somente o amor paternal pode justificar, ele comprou-lhe o instrumento e contratou aulas particulares para a menina. A professora, rigorosa, corrigia seus erros com puni\u00e7\u00f5es, mas a disciplina trouxe frutos e transformou a ainda jovem Doris em uma musicista virtuosa e uma pianista incr\u00edvel.<\/p>\t\t\t\t\t\t\t\t<\/div>\n\t\t\t\t<\/div>\n\t\t\t\t<div class=\"elementor-element elementor-element-44c9479 elementor-widget elementor-widget-spacer\" data-id=\"44c9479\" data-element_type=\"widget\" data-e-type=\"widget\" data-widget_type=\"spacer.default\">\n\t\t\t\t<div class=\"elementor-widget-container\">\n\t\t\t\t\t\t\t<div class=\"elementor-spacer\">\n\t\t\t<div class=\"elementor-spacer-inner\"><\/div>\n\t\t<\/div>\n\t\t\t\t\t\t<\/div>\n\t\t\t\t<\/div>\n\t\t\t\t\t<\/div>\n\t\t\t\t<\/div>\n\t\t\t\t\t<\/div>\n\t\t\t\t<\/div>\n\t\t<div class=\"elementor-element elementor-element-bf3d4e8 e-flex e-con-boxed e-con e-parent\" data-id=\"bf3d4e8\" data-element_type=\"container\" data-e-type=\"container\" data-settings=\"{&quot;background_background&quot;:&quot;classic&quot;}\">\n\t\t\t\t\t<div class=\"e-con-inner\">\n\t\t\t\t\t<\/div>\n\t\t\t\t<\/div>\n\t\t<div class=\"elementor-element elementor-element-5b7ad32 e-flex e-con-boxed e-con e-parent\" data-id=\"5b7ad32\" data-element_type=\"container\" data-e-type=\"container\">\n\t\t\t\t\t<div class=\"e-con-inner\">\n\t\t<div class=\"elementor-element elementor-element-3a39c53 animated-slow e-flex e-con-boxed elementor-invisible e-con e-child\" data-id=\"3a39c53\" data-element_type=\"container\" data-e-type=\"container\" data-settings=\"{&quot;background_background&quot;:&quot;classic&quot;,&quot;animation&quot;:&quot;fadeIn&quot;,&quot;animation_delay&quot;:150}\">\n\t\t\t\t\t<div class=\"e-con-inner\">\n\t\t\t\t<div class=\"elementor-element elementor-element-f69b88e elementor-widget elementor-widget-spacer\" data-id=\"f69b88e\" data-element_type=\"widget\" data-e-type=\"widget\" data-widget_type=\"spacer.default\">\n\t\t\t\t<div class=\"elementor-widget-container\">\n\t\t\t\t\t\t\t<div class=\"elementor-spacer\">\n\t\t\t<div class=\"elementor-spacer-inner\"><\/div>\n\t\t<\/div>\n\t\t\t\t\t\t<\/div>\n\t\t\t\t<\/div>\n\t\t<div class=\"elementor-element elementor-element-aedd0c7 e-flex e-con-boxed e-con e-child\" data-id=\"aedd0c7\" data-element_type=\"container\" data-e-type=\"container\">\n\t\t\t\t\t<div class=\"e-con-inner\">\n\t\t\t\t<div class=\"elementor-element elementor-element-35d5cba elementor-widget elementor-widget-text-editor\" data-id=\"35d5cba\" data-element_type=\"widget\" data-e-type=\"widget\" data-widget_type=\"text-editor.default\">\n\t\t\t\t<div class=\"elementor-widget-container\">\n\t\t\t\t\t\t\t\t\t<p>J\u00e1 adulta e inspirada pelo Esp\u00edrito Santo, ela se matriculou no Central Bible College, onde, em 1951, conheceu um jovem vindo do Brasil, filho de pais mission\u00e1rios e com um chamado especial. O nome do distinto rapaz de sobrancelhas marcantes era Bernhard Johnson Jr. Ao v\u00ea-la, n\u00e3o teve d\u00favidas: ele havia encontrado uma p\u00e9rola de grande valor. E assim, Doris Pearl Pucket tornou-se a sua Doris Pearl Johnson.<\/p><p>O casal Johnson teve tr\u00eas filhos: o primog\u00eanito David; o irm\u00e3o do meio, Terry; e a ca\u00e7ula, Elizabeth. Ap\u00f3s o falecimento do Mission\u00e1rio Bernhard, a irm\u00e3 Doris continuou seu trabalho para o Senhor Jesus, acumulando mais de 60 anos de atividades evangel\u00edsticas. Atualmente, ela \u00e9 a mission\u00e1ria mais idosa ainda em atividade na Miss\u00e3o Americana.<\/p>\t\t\t\t\t\t\t\t<\/div>\n\t\t\t\t<\/div>\n\t\t\t\t\t<\/div>\n\t\t\t\t<\/div>\n\t\t\t\t<div class=\"elementor-element elementor-element-a2e1d0a elementor-widget elementor-widget-spacer\" data-id=\"a2e1d0a\" data-element_type=\"widget\" data-e-type=\"widget\" data-widget_type=\"spacer.default\">\n\t\t\t\t<div class=\"elementor-widget-container\">\n\t\t\t\t\t\t\t<div class=\"elementor-spacer\">\n\t\t\t<div class=\"elementor-spacer-inner\"><\/div>\n\t\t<\/div>\n\t\t\t\t\t\t<\/div>\n\t\t\t\t<\/div>\n\t\t\t\t\t<\/div>\n\t\t\t\t<\/div>\n\t\t\t\t\t<\/div>\n\t\t\t\t<\/div>\n\t\t<div class=\"elementor-element elementor-element-aaa3c66 e-flex e-con-boxed e-con e-parent\" data-id=\"aaa3c66\" data-element_type=\"container\" data-e-type=\"container\">\n\t\t\t\t\t<div class=\"e-con-inner\">\n\t\t<div class=\"elementor-element elementor-element-4eac5b0 e-flex e-con-boxed e-con e-child\" data-id=\"4eac5b0\" data-element_type=\"container\" data-e-type=\"container\">\n\t\t\t\t\t<div class=\"e-con-inner\">\n\t\t\t\t<div class=\"elementor-element elementor-element-1c32706 elementor-widget elementor-widget-spacer\" data-id=\"1c32706\" data-element_type=\"widget\" data-e-type=\"widget\" data-widget_type=\"spacer.default\">\n\t\t\t\t<div class=\"elementor-widget-container\">\n\t\t\t\t\t\t\t<div class=\"elementor-spacer\">\n\t\t\t<div class=\"elementor-spacer-inner\"><\/div>\n\t\t<\/div>\n\t\t\t\t\t\t<\/div>\n\t\t\t\t<\/div>\n\t\t\t\t\t<\/div>\n\t\t\t\t<\/div>\n\t\t\t\t\t<\/div>\n\t\t\t\t<\/div>\n\t\t<div class=\"elementor-element elementor-element-21c6602 e-flex e-con-boxed e-con e-parent\" data-id=\"21c6602\" data-element_type=\"container\" data-e-type=\"container\">\n\t\t\t\t\t<div class=\"e-con-inner\">\n\t\t\t\t<div class=\"elementor-element elementor-element-f7afdd3 e-transform elementor-widget elementor-widget-image\" data-id=\"f7afdd3\" data-element_type=\"widget\" data-e-type=\"widget\" data-settings=\"{&quot;_transform_scale_effect_hover&quot;:{&quot;unit&quot;:&quot;px&quot;,&quot;size&quot;:0.9,&quot;sizes&quot;:[]},&quot;_transform_scale_effect_hover_tablet&quot;:{&quot;unit&quot;:&quot;px&quot;,&quot;size&quot;:&quot;&quot;,&quot;sizes&quot;:[]},&quot;_transform_scale_effect_hover_mobile&quot;:{&quot;unit&quot;:&quot;px&quot;,&quot;size&quot;:&quot;&quot;,&quot;sizes&quot;:[]}}\" data-widget_type=\"image.default\">\n\t\t\t\t<div class=\"elementor-widget-container\">\n\t\t\t\t\t\t\t\t\t\t\t\t\t\t\t\t<a href=\"http:\/\/eetad.com.br\/index.php\/nosso-fundador\/\">\n\t\t\t\t\t\t\t<img fetchpriority=\"high\" decoding=\"async\" width=\"618\" height=\"452\" src=\"https:\/\/eetad.com.br\/wp-content\/uploads\/2024\/03\/pr-bj1.webp\" class=\"attachment-full size-full wp-image-3778\" alt=\"\" srcset=\"https:\/\/eetad.com.br\/wp-content\/uploads\/2024\/03\/pr-bj1.webp 618w, https:\/\/eetad.com.br\/wp-content\/uploads\/2024\/03\/pr-bj1-300x219.webp 300w\" sizes=\"(max-width: 618px) 100vw, 618px\" \/>\t\t\t\t\t\t\t\t<\/a>\n\t\t\t\t\t\t\t\t\t\t\t\t\t\t\t<\/div>\n\t\t\t\t<\/div>\n\t\t\t\t<div class=\"elementor-element elementor-element-e63932b e-transform elementor-widget elementor-widget-image\" data-id=\"e63932b\" data-element_type=\"widget\" data-e-type=\"widget\" data-settings=\"{&quot;_transform_scale_effect_hover&quot;:{&quot;unit&quot;:&quot;px&quot;,&quot;size&quot;:0.9,&quot;sizes&quot;:[]},&quot;_transform_scale_effect_hover_tablet&quot;:{&quot;unit&quot;:&quot;px&quot;,&quot;size&quot;:&quot;&quot;,&quot;sizes&quot;:[]},&quot;_transform_scale_effect_hover_mobile&quot;:{&quot;unit&quot;:&quot;px&quot;,&quot;size&quot;:&quot;&quot;,&quot;sizes&quot;:[]}}\" data-widget_type=\"image.default\">\n\t\t\t\t<div class=\"elementor-widget-container\">\n\t\t\t\t\t\t\t\t\t\t\t\t\t\t\t\t<a href=\"http:\/\/eetad.com.br\/index.php\/nossa-historia\/\">\n\t\t\t\t\t\t\t<img decoding=\"async\" width=\"617\" height=\"452\" src=\"https:\/\/eetad.com.br\/wp-content\/uploads\/2024\/03\/nossa-historia.webp\" class=\"attachment-full size-full wp-image-3777\" alt=\"\" srcset=\"https:\/\/eetad.com.br\/wp-content\/uploads\/2024\/03\/nossa-historia.webp 617w, https:\/\/eetad.com.br\/wp-content\/uploads\/2024\/03\/nossa-historia-300x220.webp 300w\" sizes=\"(max-width: 617px) 100vw, 617px\" \/>\t\t\t\t\t\t\t\t<\/a>\n\t\t\t\t\t\t\t\t\t\t\t\t\t\t\t<\/div>\n\t\t\t\t<\/div>\n\t\t\t\t\t<\/div>\n\t\t\t\t<\/div>\n\t\t<div class=\"elementor-element elementor-element-09a7501 e-flex e-con-boxed e-con e-parent\" data-id=\"09a7501\" data-element_type=\"container\" data-e-type=\"container\">\n\t\t\t\t\t<div class=\"e-con-inner\">\n\t\t<div class=\"elementor-element elementor-element-6531b8d e-flex e-con-boxed e-con e-child\" data-id=\"6531b8d\" data-element_type=\"container\" data-e-type=\"container\">\n\t\t\t\t\t<div class=\"e-con-inner\">\n\t\t\t\t<div class=\"elementor-element elementor-element-713ec43 elementor-widget elementor-widget-spacer\" data-id=\"713ec43\" data-element_type=\"widget\" data-e-type=\"widget\" data-widget_type=\"spacer.default\">\n\t\t\t\t<div class=\"elementor-widget-container\">\n\t\t\t\t\t\t\t<div class=\"elementor-spacer\">\n\t\t\t<div class=\"elementor-spacer-inner\"><\/div>\n\t\t<\/div>\n\t\t\t\t\t\t<\/div>\n\t\t\t\t<\/div>\n\t\t\t\t\t<\/div>\n\t\t\t\t<\/div>\n\t\t\t\t\t<\/div>\n\t\t\t\t<\/div>\n\t\t\t\t<\/div>\n\t\t","protected":false},"excerpt":{"rendered":"<p>Mission\u00e1ria Doris Johnson MISSION\u00c1RIA DORIS JOHNSON PIONEIRA E CO-FUNDADORA DA EETAD Pioneira da EETAD A hist\u00f3ria da Mission\u00e1ria Doris Pearl Johnson \u00e9 tocante.\u00a0A serva de Deus nasceu em um lar humilde da Detroit (Michigan, EUA) dos anos 1930. Antes da expans\u00e3o econ\u00f4mica que fez daquela cidade o maior centro industrial automotivo do mundo, a vida [&hellip;]<\/p>\n","protected":false},"author":4,"featured_media":0,"parent":0,"menu_order":0,"comment_status":"closed","ping_status":"closed","template":"","meta":{"footnotes":""},"class_list":["post-2020","page","type-page","status-publish","hentry"],"_links":{"self":[{"href":"https:\/\/eetad.com.br\/index.php\/wp-json\/wp\/v2\/pages\/2020","targetHints":{"allow":["GET"]}}],"collection":[{"href":"https:\/\/eetad.com.br\/index.php\/wp-json\/wp\/v2\/pages"}],"about":[{"href":"https:\/\/eetad.com.br\/index.php\/wp-json\/wp\/v2\/types\/page"}],"author":[{"embeddable":true,"href":"https:\/\/eetad.com.br\/index.php\/wp-json\/wp\/v2\/users\/4"}],"replies":[{"embeddable":true,"href":"https:\/\/eetad.com.br\/index.php\/wp-json\/wp\/v2\/comments?post=2020"}],"version-history":[{"count":94,"href":"https:\/\/eetad.com.br\/index.php\/wp-json\/wp\/v2\/pages\/2020\/revisions"}],"predecessor-version":[{"id":5611,"href":"https:\/\/eetad.com.br\/index.php\/wp-json\/wp\/v2\/pages\/2020\/revisions\/5611"}],"wp:attachment":[{"href":"https:\/\/eetad.com.br\/index.php\/wp-json\/wp\/v2\/media?parent=2020"}],"curies":[{"name":"wp","href":"https:\/\/api.w.org\/{rel}","templated":true}]}}