{"id":2284,"date":"2023-08-04T08:42:41","date_gmt":"2023-08-04T11:42:41","guid":{"rendered":"http:\/\/eetad.com.br\/?page_id=2284"},"modified":"2024-09-04T15:01:23","modified_gmt":"2024-09-04T18:01:23","slug":"contato","status":"publish","type":"page","link":"https:\/\/eetad.com.br\/index.php\/contato\/","title":{"rendered":"Contato"},"content":{"rendered":"\t\t<div data-elementor-type=\"wp-page\" data-elementor-id=\"2284\" class=\"elementor elementor-2284\">\n\t\t\t\t<div class=\"elementor-element elementor-element-88d6f52 e-flex e-con-boxed e-con e-parent\" data-id=\"88d6f52\" data-element_type=\"container\" data-e-type=\"container\" data-settings=\"{&quot;background_background&quot;:&quot;classic&quot;}\">\n\t\t\t\t\t<div class=\"e-con-inner\">\n\t\t\t\t<div class=\"elementor-element elementor-element-3b59e92 title-pages elementor-widget elementor-widget-heading\" data-id=\"3b59e92\" data-element_type=\"widget\" data-e-type=\"widget\" data-widget_type=\"heading.default\">\n\t\t\t\t<div class=\"elementor-widget-container\">\n\t\t\t\t\t<h1 class=\"elementor-heading-title elementor-size-default\">Contato<\/h1>\t\t\t\t<\/div>\n\t\t\t\t<\/div>\n\t\t\t\t\t<\/div>\n\t\t\t\t<\/div>\n\t\t<div class=\"elementor-element elementor-element-be06552 e-flex e-con-boxed e-con e-parent\" data-id=\"be06552\" data-element_type=\"container\" data-e-type=\"container\">\n\t\t\t\t\t<div class=\"e-con-inner\">\n\t\t<div class=\"elementor-element elementor-element-1ef9a1e e-con-full e-flex e-con e-child\" data-id=\"1ef9a1e\" data-element_type=\"container\" data-e-type=\"container\">\n\t\t\t\t<div class=\"elementor-element elementor-element-878def8 elementor-widget elementor-widget-heading\" data-id=\"878def8\" data-element_type=\"widget\" data-e-type=\"widget\" data-widget_type=\"heading.default\">\n\t\t\t\t<div class=\"elementor-widget-container\">\n\t\t\t\t\t<h2 class=\"elementor-heading-title elementor-size-default\">Precisa falar conosco?<\/h2>\t\t\t\t<\/div>\n\t\t\t\t<\/div>\n\t\t\t\t<div class=\"elementor-element elementor-element-c780c63 elementor-widget elementor-widget-text-editor\" data-id=\"c780c63\" data-element_type=\"widget\" data-e-type=\"widget\" data-widget_type=\"text-editor.default\">\n\t\t\t\t<div class=\"elementor-widget-container\">\n\t\t\t\t\t\t\t\t\t<p>Tem algum d\u00favida ou sugest\u00e3o? Estamos prontos para ouvir. Envie-nos sua mensagem pelo canal que achar melhor: Whatsapp, e-mail ou liga\u00e7\u00e3o. Ser\u00e1 sempre o nosso prazer servir ao povo de Deus<\/p>\t\t\t\t\t\t\t\t<\/div>\n\t\t\t\t<\/div>\n\t\t\t\t<div class=\"elementor-element elementor-element-2c03f16 elementor-icon-list--layout-inline elementor-mobile-align-start elementor-list-item-link-full_width elementor-widget elementor-widget-icon-list\" data-id=\"2c03f16\" data-element_type=\"widget\" data-e-type=\"widget\" data-widget_type=\"icon-list.default\">\n\t\t\t\t<div class=\"elementor-widget-container\">\n\t\t\t\t\t\t\t<ul class=\"elementor-icon-list-items elementor-inline-items\">\n\t\t\t\t\t\t\t<li class=\"elementor-icon-list-item elementor-inline-item\">\n\t\t\t\t\t\t\t\t\t\t\t<a href=\"https:\/\/api.whatsapp.com\/send?phone=5519998767851\" target=\"_blank\">\n\n\t\t\t\t\t\t\t\t\t\t\t\t<span class=\"elementor-icon-list-icon\">\n\t\t\t\t\t\t\t<i aria-hidden=\"true\" class=\"fab fa-whatsapp\"><\/i>\t\t\t\t\t\t<\/span>\n\t\t\t\t\t\t\t\t\t\t<span class=\"elementor-icon-list-text\">(19) 99876-7851<\/span>\n\t\t\t\t\t\t\t\t\t\t\t<\/a>\n\t\t\t\t\t\t\t\t\t<\/li>\n\t\t\t\t\t\t\t\t<li class=\"elementor-icon-list-item elementor-inline-item\">\n\t\t\t\t\t\t\t\t\t\t\t<span class=\"elementor-icon-list-icon\">\n\t\t\t\t\t\t\t<i aria-hidden=\"true\" class=\"fas fa-phone-square-alt\"><\/i>\t\t\t\t\t\t<\/span>\n\t\t\t\t\t\t\t\t\t\t<span class=\"elementor-icon-list-text\">(19) 3757-5700<\/span>\n\t\t\t\t\t\t\t\t\t<\/li>\n\t\t\t\t\t\t<\/ul>\n\t\t\t\t\t\t<\/div>\n\t\t\t\t<\/div>\n\t\t\t\t<\/div>\n\t\t<div class=\"elementor-element elementor-element-3b8208e e-con-full e-flex e-con e-child\" data-id=\"3b8208e\" data-element_type=\"container\" data-e-type=\"container\" data-settings=\"{&quot;background_background&quot;:&quot;classic&quot;}\">\n\t\t\t\t<div class=\"elementor-element elementor-element-3aa92b2 elementor-widget elementor-widget-wpforms\" data-id=\"3aa92b2\" data-element_type=\"widget\" data-e-type=\"widget\" data-widget_type=\"wpforms.default\">\n\t\t\t\t<div class=\"elementor-widget-container\">\n\t\t\t\t\t<style id=\"wpforms-css-vars-elementor-widget-3aa92b2\">\n\t\t\t\t.elementor-widget-wpforms.elementor-element-3aa92b2 {\n\t\t\t\t--wpforms-field-text-color: #7A7A7A;\n--wpforms-label-color: #FFFFFF;\n--wpforms-button-border-radius: 20px;\n--wpforms-button-background-color: #F8A06C;\n--wpforms-button-text-color: #0A708B;\n--wpforms-button-size-font-size: 14px;\n--wpforms-button-size-height: 37px;\n--wpforms-button-size-padding-h: 15px;\n--wpforms-button-size-margin-top: 5px;\n\t\t\t}\n\t\t\t<\/style><div class=\"wpforms-container wpforms-container-full wpforms-render-modern\" id=\"wpforms-2288\"><form id=\"wpforms-form-2288\" class=\"wpforms-validate wpforms-form wpforms-ajax-form\" data-formid=\"2288\" method=\"post\" enctype=\"multipart\/form-data\" action=\"\/index.php\/wp-json\/wp\/v2\/pages\/2284\" data-token=\"d1d32ee92cbd13302b3e024b8a079f36\" data-token-time=\"1776514044\"><noscript class=\"wpforms-error-noscript\">Ative o JavaScript no seu navegador para preencher este formul\u00e1rio.<\/noscript><div id=\"wpforms-error-noscript\" style=\"display: none;\">Ative o JavaScript no seu navegador para preencher este formul\u00e1rio.<\/div><div class=\"wpforms-field-container\"><div id=\"wpforms-2288-field_0-container\" class=\"wpforms-field wpforms-field-name\" data-field-id=\"0\"><label class=\"wpforms-field-label\" for=\"wpforms-2288-field_0\">Nome <span class=\"wpforms-required-label\" aria-hidden=\"true\">*<\/span><\/label><input type=\"text\" id=\"wpforms-2288-field_0\" class=\"wpforms-field-large wpforms-field-required\" name=\"wpforms[fields][0]\" aria-errormessage=\"wpforms-2288-field_0-error\" required><\/div><div id=\"wpforms-2288-field_1-container\" class=\"wpforms-field wpforms-field-email\" data-field-id=\"1\"><label class=\"wpforms-field-label\" for=\"wpforms-2288-field_1\">E-mail <span class=\"wpforms-required-label\" aria-hidden=\"true\">*<\/span><\/label><input type=\"email\" id=\"wpforms-2288-field_1\" class=\"wpforms-field-large wpforms-field-required\" name=\"wpforms[fields][1]\" spellcheck=\"false\" aria-errormessage=\"wpforms-2288-field_1-error\" required><\/div><div id=\"wpforms-2288-field_3-container\" class=\"wpforms-field wpforms-field-select wpforms-field-select-style-classic\" data-field-id=\"3\"><label class=\"wpforms-field-label\" for=\"wpforms-2288-field_3\">Departamento<\/label><select id=\"wpforms-2288-field_3\" class=\"wpforms-field-large\" name=\"wpforms[fields][3]\"><option value=\"Abertura de N\u00facleos\"  class=\"choice-1 depth-1\"  >Abertura de N\u00facleos<\/option><option value=\"Atendimento de EAD\"  class=\"choice-2 depth-1\"  >Atendimento de EAD<\/option><option value=\"Atendimento aos N\u00facleos\"  class=\"choice-4 depth-1\"  >Atendimento aos N\u00facleos<\/option><option value=\"Diretoria\"  class=\"choice-5 depth-1\"  >Diretoria<\/option><option value=\"P\u00f3s, Mestrado e Doutorado\"  class=\"choice-6 depth-1\"  >P\u00f3s, Mestrado e Doutorado<\/option><option value=\"Eventos\"  class=\"choice-7 depth-1\"  >Eventos<\/option><option value=\"Financeiro\"  class=\"choice-8 depth-1\"  >Financeiro<\/option><option value=\"Loca\u00e7\u00e3o\"  class=\"choice-9 depth-1\"  >Loca\u00e7\u00e3o<\/option><\/select><\/div><div id=\"wpforms-2288-field_2-container\" class=\"wpforms-field wpforms-field-textarea\" data-field-id=\"2\"><label class=\"wpforms-field-label\" for=\"wpforms-2288-field_2\">Coment\u00e1rio ou Mensagem<\/label><textarea id=\"wpforms-2288-field_2\" class=\"wpforms-field-medium\" name=\"wpforms[fields][2]\" aria-errormessage=\"wpforms-2288-field_2-error\" ><\/textarea><\/div><\/div><!-- .wpforms-field-container --><div class=\"wpforms-submit-container\" ><input type=\"hidden\" name=\"wpforms[id]\" value=\"2288\"><input type=\"hidden\" name=\"page_title\" value=\"\"><input type=\"hidden\" name=\"page_url\" value=\"https:\/\/eetad.com.br\/index.php\/wp-json\/wp\/v2\/pages\/2284\"><input type=\"hidden\" name=\"url_referer\" value=\"\"><button type=\"submit\" name=\"wpforms[submit]\" id=\"wpforms-submit-2288\" class=\"wpforms-submit\" data-alt-text=\"Enviando\u2026\" data-submit-text=\"Enviar\" aria-live=\"assertive\" value=\"wpforms-submit\">Enviar<\/button><img decoding=\"async\" src=\"https:\/\/eetad.com.br\/wp-content\/plugins\/wpforms-lite\/assets\/images\/submit-spin.svg\" class=\"wpforms-submit-spinner\" style=\"display: none;\" width=\"26\" height=\"26\" alt=\"Carregando\"><\/div><\/form><\/div>  <!-- .wpforms-container -->\t\t\t\t<\/div>\n\t\t\t\t<\/div>\n\t\t\t\t<\/div>\n\t\t\t\t\t<\/div>\n\t\t\t\t<\/div>\n\t\t<div class=\"elementor-element elementor-element-9d38f77 e-flex e-con-boxed e-con e-parent\" data-id=\"9d38f77\" data-element_type=\"container\" data-e-type=\"container\" data-settings=\"{&quot;background_background&quot;:&quot;classic&quot;}\">\n\t\t\t\t\t<div class=\"e-con-inner\">\n\t\t<div class=\"elementor-element elementor-element-44ac433 e-con-full e-flex e-con e-child\" data-id=\"44ac433\" data-element_type=\"container\" data-e-type=\"container\">\n\t\t\t\t<div class=\"elementor-element elementor-element-8ed658c elementor-view-default elementor-widget elementor-widget-icon\" data-id=\"8ed658c\" data-element_type=\"widget\" data-e-type=\"widget\" data-widget_type=\"icon.default\">\n\t\t\t\t<div class=\"elementor-widget-container\">\n\t\t\t\t\t\t\t<div class=\"elementor-icon-wrapper\">\n\t\t\t<div class=\"elementor-icon\">\n\t\t\t<i aria-hidden=\"true\" class=\"fas fa-map-marker-alt\"><\/i>\t\t\t<\/div>\n\t\t<\/div>\n\t\t\t\t\t\t<\/div>\n\t\t\t\t<\/div>\n\t\t\t\t<div class=\"elementor-element elementor-element-2de9c84 elementor-widget__width-initial elementor-widget elementor-widget-text-editor\" data-id=\"2de9c84\" data-element_type=\"widget\" data-e-type=\"widget\" data-widget_type=\"text-editor.default\">\n\t\t\t\t<div class=\"elementor-widget-container\">\n\t\t\t\t\t\t\t\t\t<h5><strong>Rua Pr. Bernhard Johnson, 500<\/strong><br \/>Tijuco das Telhas<br \/>Campinas, SP<br \/>CEP: 13086-600<\/h5>\t\t\t\t\t\t\t\t<\/div>\n\t\t\t\t<\/div>\n\t\t\t\t<\/div>\n\t\t\t\t<div class=\"elementor-element elementor-element-68e65db elementor-widget elementor-widget-google_maps\" data-id=\"68e65db\" data-element_type=\"widget\" data-e-type=\"widget\" data-widget_type=\"google_maps.default\">\n\t\t\t\t<div class=\"elementor-widget-container\">\n\t\t\t\t\t\t\t<div class=\"elementor-custom-embed\">\n\t\t\t<iframe loading=\"lazy\"\n\t\t\t\t\tsrc=\"https:\/\/maps.google.com\/maps?q=Rua%20Pr.%20Bernhard%20Johnson%2C%20500%20Tijuco%20das%20Telhas%20Campinas%2C%20SP%20%E2%80%93%20%E2%80%A8CEP%3A%2013086-600&#038;t=m&#038;z=15&#038;output=embed&#038;iwloc=near\"\n\t\t\t\t\ttitle=\"Rua Pr. Bernhard Johnson, 500 Tijuco das Telhas Campinas, SP \u2013 \u2028CEP: 13086-600\"\n\t\t\t\t\taria-label=\"Rua Pr. Bernhard Johnson, 500 Tijuco das Telhas Campinas, SP \u2013 \u2028CEP: 13086-600\"\n\t\t\t><\/iframe>\n\t\t<\/div>\n\t\t\t\t\t\t<\/div>\n\t\t\t\t<\/div>\n\t\t\t\t\t<\/div>\n\t\t\t\t<\/div>\n\t\t<div class=\"elementor-element elementor-element-0575524 e-flex e-con-boxed e-con e-parent\" data-id=\"0575524\" data-element_type=\"container\" data-e-type=\"container\">\n\t\t\t\t\t<div class=\"e-con-inner\">\n\t\t\t\t<div class=\"elementor-element elementor-element-2622bde elementor-widget elementor-widget-spacer\" data-id=\"2622bde\" data-element_type=\"widget\" data-e-type=\"widget\" data-widget_type=\"spacer.default\">\n\t\t\t\t<div class=\"elementor-widget-container\">\n\t\t\t\t\t\t\t<div class=\"elementor-spacer\">\n\t\t\t<div class=\"elementor-spacer-inner\"><\/div>\n\t\t<\/div>\n\t\t\t\t\t\t<\/div>\n\t\t\t\t<\/div>\n\t\t\t\t\t<\/div>\n\t\t\t\t<\/div>\n\t\t<div class=\"elementor-element elementor-element-14979f2 e-flex e-con-boxed e-con e-parent\" data-id=\"14979f2\" data-element_type=\"container\" data-e-type=\"container\">\n\t\t\t\t\t<div class=\"e-con-inner\">\n\t\t<div class=\"elementor-element elementor-element-a03674a e-con-full e-flex e-con e-child\" data-id=\"a03674a\" data-element_type=\"container\" data-e-type=\"container\">\n\t\t\t\t<div class=\"elementor-element elementor-element-b7be2d9 elementor-widget elementor-widget-heading\" data-id=\"b7be2d9\" data-element_type=\"widget\" data-e-type=\"widget\" data-widget_type=\"heading.default\">\n\t\t\t\t<div class=\"elementor-widget-container\">\n\t\t\t\t\t<h3 class=\"elementor-heading-title elementor-size-default\">Conhe\u00e7a<br \/>\nnossa sede<\/h3>\t\t\t\t<\/div>\n\t\t\t\t<\/div>\n\t\t\t\t<div class=\"elementor-element elementor-element-6738742 elementor-widget-mobile__width-initial elementor-widget elementor-widget-text-editor\" data-id=\"6738742\" data-element_type=\"widget\" data-e-type=\"widget\" data-widget_type=\"text-editor.default\">\n\t\t\t\t<div class=\"elementor-widget-container\">\n\t\t\t\t\t\t\t\t\t<p>Esta \u00e9 a sede nacional da EETAD. Este lugar aben\u00e7oado e lindo \u00e9 onde realizamos nossos eventos acad\u00eamicos. Clique em\u00a0<em>saiba mais<\/em>\u00a0e conhe\u00e7a a sede da sua escola teol\u00f3gica.<\/p>\t\t\t\t\t\t\t\t<\/div>\n\t\t\t\t<\/div>\n\t\t\t\t<div class=\"elementor-element elementor-element-4053225 elementor-mobile-align-center elementor-widget elementor-widget-button\" data-id=\"4053225\" data-element_type=\"widget\" data-e-type=\"widget\" data-widget_type=\"button.default\">\n\t\t\t\t<div class=\"elementor-widget-container\">\n\t\t\t\t\t\t\t\t\t<div class=\"elementor-button-wrapper\">\n\t\t\t\t\t<a class=\"elementor-button elementor-button-link elementor-size-sm\" href=\"#\">\n\t\t\t\t\t\t<span class=\"elementor-button-content-wrapper\">\n\t\t\t\t\t\t\t\t\t<span class=\"elementor-button-text\">saiba mais<\/span>\n\t\t\t\t\t<\/span>\n\t\t\t\t\t<\/a>\n\t\t\t\t<\/div>\n\t\t\t\t\t\t\t\t<\/div>\n\t\t\t\t<\/div>\n\t\t\t\t<\/div>\n\t\t<div class=\"elementor-element elementor-element-6807ade e-con-full e-flex e-con e-child\" data-id=\"6807ade\" data-element_type=\"container\" data-e-type=\"container\">\n\t\t\t\t<div class=\"elementor-element elementor-element-0e24afd animated-slow elementor-invisible elementor-widget elementor-widget-image\" data-id=\"0e24afd\" data-element_type=\"widget\" data-e-type=\"widget\" data-settings=\"{&quot;_animation&quot;:&quot;fadeInUp&quot;,&quot;_animation_delay&quot;:100}\" data-widget_type=\"image.default\">\n\t\t\t\t<div class=\"elementor-widget-container\">\n\t\t\t\t\t\t\t\t\t\t\t\t\t\t\t<img fetchpriority=\"high\" decoding=\"async\" width=\"1852\" height=\"1130\" src=\"https:\/\/eetad.com.br\/wp-content\/uploads\/2023\/07\/sede-eetad01.webp\" class=\"attachment-full size-full wp-image-708\" alt=\"\" srcset=\"https:\/\/eetad.com.br\/wp-content\/uploads\/2023\/07\/sede-eetad01.webp 1852w, https:\/\/eetad.com.br\/wp-content\/uploads\/2023\/07\/sede-eetad01-300x183.webp 300w, https:\/\/eetad.com.br\/wp-content\/uploads\/2023\/07\/sede-eetad01-1024x625.webp 1024w, https:\/\/eetad.com.br\/wp-content\/uploads\/2023\/07\/sede-eetad01-768x469.webp 768w, https:\/\/eetad.com.br\/wp-content\/uploads\/2023\/07\/sede-eetad01-1536x937.webp 1536w\" sizes=\"(max-width: 1852px) 100vw, 1852px\" \/>\t\t\t\t\t\t\t\t\t\t\t\t\t\t\t<\/div>\n\t\t\t\t<\/div>\n\t\t\t\t<\/div>\n\t\t\t\t\t<\/div>\n\t\t\t\t<\/div>\n\t\t<div class=\"elementor-element elementor-element-6345f6e e-flex e-con-boxed e-con e-parent\" data-id=\"6345f6e\" data-element_type=\"container\" data-e-type=\"container\">\n\t\t\t\t\t<div class=\"e-con-inner\">\n\t\t\t\t<div class=\"elementor-element elementor-element-bb59e79 elementor-widget elementor-widget-spacer\" data-id=\"bb59e79\" data-element_type=\"widget\" data-e-type=\"widget\" data-widget_type=\"spacer.default\">\n\t\t\t\t<div class=\"elementor-widget-container\">\n\t\t\t\t\t\t\t<div class=\"elementor-spacer\">\n\t\t\t<div class=\"elementor-spacer-inner\"><\/div>\n\t\t<\/div>\n\t\t\t\t\t\t<\/div>\n\t\t\t\t<\/div>\n\t\t\t\t\t<\/div>\n\t\t\t\t<\/div>\n\t\t\t\t<\/div>\n\t\t","protected":false},"excerpt":{"rendered":"<p>Contato Precisa falar conosco? Tem algum d\u00favida ou sugest\u00e3o? Estamos prontos para ouvir. Envie-nos sua mensagem pelo canal que achar melhor: Whatsapp, e-mail ou liga\u00e7\u00e3o. Ser\u00e1 sempre o nosso prazer servir ao povo de Deus (19) 99876-7851 (19) 3757-5700 Ative o JavaScript no seu navegador para preencher este formul\u00e1rio.Ative o JavaScript no seu navegador para [&hellip;]<\/p>\n","protected":false},"author":4,"featured_media":0,"parent":0,"menu_order":0,"comment_status":"closed","ping_status":"closed","template":"","meta":{"footnotes":""},"class_list":["post-2284","page","type-page","status-publish","hentry"],"_links":{"self":[{"href":"https:\/\/eetad.com.br\/index.php\/wp-json\/wp\/v2\/pages\/2284","targetHints":{"allow":["GET"]}}],"collection":[{"href":"https:\/\/eetad.com.br\/index.php\/wp-json\/wp\/v2\/pages"}],"about":[{"href":"https:\/\/eetad.com.br\/index.php\/wp-json\/wp\/v2\/types\/page"}],"author":[{"embeddable":true,"href":"https:\/\/eetad.com.br\/index.php\/wp-json\/wp\/v2\/users\/4"}],"replies":[{"embeddable":true,"href":"https:\/\/eetad.com.br\/index.php\/wp-json\/wp\/v2\/comments?post=2284"}],"version-history":[{"count":58,"href":"https:\/\/eetad.com.br\/index.php\/wp-json\/wp\/v2\/pages\/2284\/revisions"}],"predecessor-version":[{"id":7190,"href":"https:\/\/eetad.com.br\/index.php\/wp-json\/wp\/v2\/pages\/2284\/revisions\/7190"}],"wp:attachment":[{"href":"https:\/\/eetad.com.br\/index.php\/wp-json\/wp\/v2\/media?parent=2284"}],"curies":[{"name":"wp","href":"https:\/\/api.w.org\/{rel}","templated":true}]}}