{"id":7398,"date":"2024-11-04T16:15:36","date_gmt":"2024-11-04T19:15:36","guid":{"rendered":"https:\/\/eetad.com.br\/?page_id=7398"},"modified":"2024-11-06T16:28:40","modified_gmt":"2024-11-06T19:28:40","slug":"estante-pentecostal","status":"publish","type":"page","link":"https:\/\/eetad.com.br\/index.php\/estante-pentecostal\/","title":{"rendered":"Estante Pentecostal"},"content":{"rendered":"\t\t<div data-elementor-type=\"wp-page\" data-elementor-id=\"7398\" class=\"elementor elementor-7398\">\n\t\t\t\t<div class=\"elementor-element elementor-element-f47cd9a e-flex e-con-boxed e-con e-parent\" data-id=\"f47cd9a\" data-element_type=\"container\" data-e-type=\"container\" data-settings=\"{&quot;background_background&quot;:&quot;classic&quot;}\">\n\t\t\t\t\t<div class=\"e-con-inner\">\n\t\t\t\t\t<\/div>\n\t\t\t\t<\/div>\n\t\t\t\t<section class=\"elementor-section elementor-top-section elementor-element elementor-element-fb74bad elementor-section-boxed elementor-section-height-default elementor-section-height-default\" data-id=\"fb74bad\" data-element_type=\"section\" data-e-type=\"section\">\n\t\t\t\t\t\t<div class=\"elementor-container elementor-column-gap-default\">\n\t\t\t\t\t<div class=\"elementor-column elementor-col-100 elementor-top-column elementor-element elementor-element-3db0516\" data-id=\"3db0516\" data-element_type=\"column\" data-e-type=\"column\">\n\t\t\t<div class=\"elementor-widget-wrap elementor-element-populated\">\n\t\t\t\t\t\t<div class=\"elementor-element elementor-element-d760f15 elementor-hidden-tablet elementor-hidden-mobile elementor-widget elementor-widget-spacer\" data-id=\"d760f15\" data-element_type=\"widget\" data-e-type=\"widget\" data-widget_type=\"spacer.default\">\n\t\t\t\t<div class=\"elementor-widget-container\">\n\t\t\t\t\t\t\t<div class=\"elementor-spacer\">\n\t\t\t<div class=\"elementor-spacer-inner\"><\/div>\n\t\t<\/div>\n\t\t\t\t\t\t<\/div>\n\t\t\t\t<\/div>\n\t\t\t\t\t<\/div>\n\t\t<\/div>\n\t\t\t\t\t<\/div>\n\t\t<\/section>\n\t\t<div class=\"elementor-element elementor-element-620f572 e-flex e-con-boxed e-con e-parent\" data-id=\"620f572\" data-element_type=\"container\" data-e-type=\"container\">\n\t\t\t\t\t<div class=\"e-con-inner\">\n\t\t<div class=\"elementor-element elementor-element-0ecdecf e-con-full e-flex e-con e-child\" data-id=\"0ecdecf\" data-element_type=\"container\" data-e-type=\"container\">\n\t\t\t\t<div class=\"elementor-element elementor-element-055fc22 elementor-hidden-tablet elementor-hidden-mobile elementor-invisible elementor-widget elementor-widget-image\" data-id=\"055fc22\" data-element_type=\"widget\" data-e-type=\"widget\" data-settings=\"{&quot;_animation&quot;:&quot;fadeInUp&quot;,&quot;_animation_delay&quot;:150}\" data-widget_type=\"image.default\">\n\t\t\t\t<div class=\"elementor-widget-container\">\n\t\t\t\t\t\t\t\t\t\t\t\t\t\t\t<img fetchpriority=\"high\" decoding=\"async\" width=\"800\" height=\"800\" src=\"https:\/\/eetad.com.br\/wp-content\/uploads\/2024\/11\/EBJ-INSTAGRAM-PADRAO-3-1024x1024.png\" class=\"attachment-large size-large wp-image-7418\" alt=\"\" srcset=\"https:\/\/eetad.com.br\/wp-content\/uploads\/2024\/11\/EBJ-INSTAGRAM-PADRAO-3-1024x1024.png 1024w, https:\/\/eetad.com.br\/wp-content\/uploads\/2024\/11\/EBJ-INSTAGRAM-PADRAO-3-300x300.png 300w, https:\/\/eetad.com.br\/wp-content\/uploads\/2024\/11\/EBJ-INSTAGRAM-PADRAO-3-150x150.png 150w, https:\/\/eetad.com.br\/wp-content\/uploads\/2024\/11\/EBJ-INSTAGRAM-PADRAO-3-768x768.png 768w, https:\/\/eetad.com.br\/wp-content\/uploads\/2024\/11\/EBJ-INSTAGRAM-PADRAO-3.png 1080w\" sizes=\"(max-width: 800px) 100vw, 800px\" \/>\t\t\t\t\t\t\t\t\t\t\t\t\t\t\t<\/div>\n\t\t\t\t<\/div>\n\t\t\t\t<\/div>\n\t\t<div class=\"elementor-element elementor-element-49231de e-con-full e-flex e-con e-child\" data-id=\"49231de\" data-element_type=\"container\" data-e-type=\"container\">\n\t\t\t\t<div class=\"elementor-element elementor-element-c42a33f elementor-widget__width-initial elementor-widget-mobile__width-inherit elementor-widget elementor-widget-heading\" data-id=\"c42a33f\" data-element_type=\"widget\" data-e-type=\"widget\" data-widget_type=\"heading.default\">\n\t\t\t\t<div class=\"elementor-widget-container\">\n\t\t\t\t\t<h2 class=\"elementor-heading-title elementor-size-default\">Sobre as Edi\u00e7\u00f5es<br>Bernhard Johnson<\/h2>\t\t\t\t<\/div>\n\t\t\t\t<\/div>\n\t\t\t\t<div class=\"elementor-element elementor-element-774dae0 elementor-widget elementor-widget-text-editor\" data-id=\"774dae0\" data-element_type=\"widget\" data-e-type=\"widget\" data-widget_type=\"text-editor.default\">\n\t\t\t\t<div class=\"elementor-widget-container\">\n\t\t\t\t\t\t\t\t\t<p>As Edi\u00e7\u00f5es Bernhard Johnson apresentam um cat\u00e1logo com obras de excel\u00eancia que abordam temas cruciais para o <strong>fortalecimento da f\u00e9 crist\u00e3<\/strong>. Escatologia, lideran\u00e7a, fam\u00edlia e vida crist\u00e3 s\u00e3o categorias essenciais que comp\u00f5em essa cole\u00e7\u00e3o. Nossas obras foram elaboradas para proporcionar <strong>crescimento espiritual e edifica\u00e7\u00e3o pessoal<\/strong>.<\/p>\t\t\t\t\t\t\t\t<\/div>\n\t\t\t\t<\/div>\n\t\t\t\t<\/div>\n\t\t\t\t\t<\/div>\n\t\t\t\t<\/div>\n\t\t\t\t<section class=\"elementor-section elementor-top-section elementor-element elementor-element-4b4a3f8 elementor-section-boxed elementor-section-height-default elementor-section-height-default\" data-id=\"4b4a3f8\" data-element_type=\"section\" data-e-type=\"section\">\n\t\t\t\t\t\t<div class=\"elementor-container elementor-column-gap-default\">\n\t\t\t\t\t<div class=\"elementor-column elementor-col-100 elementor-top-column elementor-element elementor-element-16f9ecf\" data-id=\"16f9ecf\" data-element_type=\"column\" data-e-type=\"column\">\n\t\t\t<div class=\"elementor-widget-wrap elementor-element-populated\">\n\t\t\t\t\t\t<div class=\"elementor-element elementor-element-68bdb5b elementor-widget elementor-widget-spacer\" data-id=\"68bdb5b\" data-element_type=\"widget\" data-e-type=\"widget\" data-widget_type=\"spacer.default\">\n\t\t\t\t<div class=\"elementor-widget-container\">\n\t\t\t\t\t\t\t<div class=\"elementor-spacer\">\n\t\t\t<div class=\"elementor-spacer-inner\"><\/div>\n\t\t<\/div>\n\t\t\t\t\t\t<\/div>\n\t\t\t\t<\/div>\n\t\t\t\t<div class=\"elementor-element elementor-element-c734bc8 elementor-widget elementor-widget-image\" data-id=\"c734bc8\" data-element_type=\"widget\" data-e-type=\"widget\" data-widget_type=\"image.default\">\n\t\t\t\t<div class=\"elementor-widget-container\">\n\t\t\t\t\t\t\t\t\t\t\t\t\t\t\t<img decoding=\"async\" width=\"800\" height=\"416\" src=\"https:\/\/eetad.com.br\/wp-content\/uploads\/2024\/10\/Group-3-1024x532.png\" class=\"attachment-large size-large wp-image-7289\" alt=\"\" srcset=\"https:\/\/eetad.com.br\/wp-content\/uploads\/2024\/10\/Group-3-1024x532.png 1024w, https:\/\/eetad.com.br\/wp-content\/uploads\/2024\/10\/Group-3-300x156.png 300w, https:\/\/eetad.com.br\/wp-content\/uploads\/2024\/10\/Group-3-768x399.png 768w, https:\/\/eetad.com.br\/wp-content\/uploads\/2024\/10\/Group-3.png 1211w\" sizes=\"(max-width: 800px) 100vw, 800px\" \/>\t\t\t\t\t\t\t\t\t\t\t\t\t\t\t<\/div>\n\t\t\t\t<\/div>\n\t\t\t\t\t<\/div>\n\t\t<\/div>\n\t\t\t\t\t<\/div>\n\t\t<\/section>\n\t\t<div class=\"elementor-element elementor-element-2824418 e-con-full e-flex elementor-invisible e-con e-parent\" data-id=\"2824418\" data-element_type=\"container\" data-e-type=\"container\" data-settings=\"{&quot;background_background&quot;:&quot;classic&quot;,&quot;animation&quot;:&quot;fadeIn&quot;,&quot;animation_delay&quot;:100}\">\n\t\t<div class=\"elementor-element elementor-element-69bd217 e-flex e-con-boxed e-con e-child\" data-id=\"69bd217\" data-element_type=\"container\" data-e-type=\"container\" data-settings=\"{&quot;background_background&quot;:&quot;classic&quot;}\">\n\t\t\t\t\t<div class=\"e-con-inner\">\n\t\t\t\t<div class=\"elementor-element elementor-element-ad008e1 elementor-widget elementor-widget-spacer\" data-id=\"ad008e1\" data-element_type=\"widget\" data-e-type=\"widget\" data-widget_type=\"spacer.default\">\n\t\t\t\t<div class=\"elementor-widget-container\">\n\t\t\t\t\t\t\t<div class=\"elementor-spacer\">\n\t\t\t<div class=\"elementor-spacer-inner\"><\/div>\n\t\t<\/div>\n\t\t\t\t\t\t<\/div>\n\t\t\t\t<\/div>\n\t\t<div class=\"elementor-element elementor-element-ea7243d e-con-full e-flex e-con e-child\" data-id=\"ea7243d\" data-element_type=\"container\" data-e-type=\"container\">\n\t\t\t\t<div class=\"elementor-element elementor-element-80b43b8 elementor-widget elementor-widget-image\" data-id=\"80b43b8\" data-element_type=\"widget\" data-e-type=\"widget\" data-widget_type=\"image.default\">\n\t\t\t\t<div class=\"elementor-widget-container\">\n\t\t\t\t\t\t\t\t\t\t\t\t\t\t\t<img decoding=\"async\" width=\"1920\" height=\"916\" src=\"https:\/\/eetad.com.br\/wp-content\/uploads\/2024\/11\/Group-6.png\" class=\"attachment-full size-full wp-image-7304\" alt=\"\" srcset=\"https:\/\/eetad.com.br\/wp-content\/uploads\/2024\/11\/Group-6.png 1920w, https:\/\/eetad.com.br\/wp-content\/uploads\/2024\/11\/Group-6-300x143.png 300w, https:\/\/eetad.com.br\/wp-content\/uploads\/2024\/11\/Group-6-1024x489.png 1024w, https:\/\/eetad.com.br\/wp-content\/uploads\/2024\/11\/Group-6-768x366.png 768w, https:\/\/eetad.com.br\/wp-content\/uploads\/2024\/11\/Group-6-1536x733.png 1536w\" sizes=\"(max-width: 1920px) 100vw, 1920px\" \/>\t\t\t\t\t\t\t\t\t\t\t\t\t\t\t<\/div>\n\t\t\t\t<\/div>\n\t\t<div class=\"elementor-element elementor-element-0dec712 e-con-full e-flex e-con e-child\" data-id=\"0dec712\" data-element_type=\"container\" data-e-type=\"container\">\n\t\t\t\t<div class=\"elementor-element elementor-element-7d42441 elementor-widget elementor-widget-image\" data-id=\"7d42441\" data-element_type=\"widget\" data-e-type=\"widget\" data-widget_type=\"image.default\">\n\t\t\t\t<div class=\"elementor-widget-container\">\n\t\t\t\t\t\t\t\t\t\t\t\t\t\t\t<img loading=\"lazy\" decoding=\"async\" width=\"1857\" height=\"572\" src=\"https:\/\/eetad.com.br\/wp-content\/uploads\/2024\/10\/Group-5.png\" class=\"attachment-full size-full wp-image-7300\" alt=\"\" srcset=\"https:\/\/eetad.com.br\/wp-content\/uploads\/2024\/10\/Group-5.png 1857w, https:\/\/eetad.com.br\/wp-content\/uploads\/2024\/10\/Group-5-300x92.png 300w, https:\/\/eetad.com.br\/wp-content\/uploads\/2024\/10\/Group-5-1024x315.png 1024w, https:\/\/eetad.com.br\/wp-content\/uploads\/2024\/10\/Group-5-768x237.png 768w, https:\/\/eetad.com.br\/wp-content\/uploads\/2024\/10\/Group-5-1536x473.png 1536w\" sizes=\"(max-width: 1857px) 100vw, 1857px\" \/>\t\t\t\t\t\t\t\t\t\t\t\t\t\t\t<\/div>\n\t\t\t\t<\/div>\n\t\t<div class=\"elementor-element elementor-element-88f7fff e-con-full e-flex e-con e-child\" data-id=\"88f7fff\" data-element_type=\"container\" data-e-type=\"container\">\n\t\t\t\t<div class=\"elementor-element elementor-element-4e367a4 elementor-widget elementor-widget-image\" data-id=\"4e367a4\" data-element_type=\"widget\" data-e-type=\"widget\" data-widget_type=\"image.default\">\n\t\t\t\t<div class=\"elementor-widget-container\">\n\t\t\t\t\t\t\t\t\t\t\t\t\t\t\t<img loading=\"lazy\" decoding=\"async\" width=\"1754\" height=\"1391\" src=\"https:\/\/eetad.com.br\/wp-content\/uploads\/2024\/11\/Group-7-2.png\" class=\"attachment-full size-full wp-image-7327\" alt=\"\" srcset=\"https:\/\/eetad.com.br\/wp-content\/uploads\/2024\/11\/Group-7-2.png 1754w, https:\/\/eetad.com.br\/wp-content\/uploads\/2024\/11\/Group-7-2-300x238.png 300w, https:\/\/eetad.com.br\/wp-content\/uploads\/2024\/11\/Group-7-2-1024x812.png 1024w, https:\/\/eetad.com.br\/wp-content\/uploads\/2024\/11\/Group-7-2-768x609.png 768w, https:\/\/eetad.com.br\/wp-content\/uploads\/2024\/11\/Group-7-2-1536x1218.png 1536w\" sizes=\"(max-width: 1754px) 100vw, 1754px\" \/>\t\t\t\t\t\t\t\t\t\t\t\t\t\t\t<\/div>\n\t\t\t\t<\/div>\n\t\t\t\t<div class=\"elementor-element elementor-element-7e43d8d e-transform e-transform e-transform elementor-widget elementor-widget-button\" data-id=\"7e43d8d\" data-element_type=\"widget\" data-e-type=\"widget\" data-settings=\"{&quot;_transform_translateX_effect&quot;:{&quot;unit&quot;:&quot;px&quot;,&quot;size&quot;:49,&quot;sizes&quot;:[]},&quot;_transform_translateY_effect&quot;:{&quot;unit&quot;:&quot;px&quot;,&quot;size&quot;:-146,&quot;sizes&quot;:[]},&quot;_transform_scale_effect&quot;:{&quot;unit&quot;:&quot;px&quot;,&quot;size&quot;:1,&quot;sizes&quot;:[]},&quot;_transform_rotateZ_effect&quot;:{&quot;unit&quot;:&quot;px&quot;,&quot;size&quot;:&quot;&quot;,&quot;sizes&quot;:[]},&quot;_transform_rotateZ_effect_tablet&quot;:{&quot;unit&quot;:&quot;deg&quot;,&quot;size&quot;:&quot;&quot;,&quot;sizes&quot;:[]},&quot;_transform_rotateZ_effect_mobile&quot;:{&quot;unit&quot;:&quot;deg&quot;,&quot;size&quot;:&quot;&quot;,&quot;sizes&quot;:[]},&quot;_transform_translateX_effect_tablet&quot;:{&quot;unit&quot;:&quot;px&quot;,&quot;size&quot;:&quot;&quot;,&quot;sizes&quot;:[]},&quot;_transform_translateX_effect_mobile&quot;:{&quot;unit&quot;:&quot;px&quot;,&quot;size&quot;:&quot;&quot;,&quot;sizes&quot;:[]},&quot;_transform_translateY_effect_tablet&quot;:{&quot;unit&quot;:&quot;px&quot;,&quot;size&quot;:&quot;&quot;,&quot;sizes&quot;:[]},&quot;_transform_translateY_effect_mobile&quot;:{&quot;unit&quot;:&quot;px&quot;,&quot;size&quot;:&quot;&quot;,&quot;sizes&quot;:[]},&quot;_transform_scale_effect_tablet&quot;:{&quot;unit&quot;:&quot;px&quot;,&quot;size&quot;:&quot;&quot;,&quot;sizes&quot;:[]},&quot;_transform_scale_effect_mobile&quot;:{&quot;unit&quot;:&quot;px&quot;,&quot;size&quot;:&quot;&quot;,&quot;sizes&quot;:[]}}\" data-widget_type=\"button.default\">\n\t\t\t\t<div class=\"elementor-widget-container\">\n\t\t\t\t\t\t\t\t\t<div class=\"elementor-button-wrapper\">\n\t\t\t\t\t<a class=\"elementor-button elementor-button-link elementor-size-sm\" href=\"https:\/\/www.estante-pentecostal.eetad.com\/cadastro\">\n\t\t\t\t\t\t<span class=\"elementor-button-content-wrapper\">\n\t\t\t\t\t\t\t\t\t<span class=\"elementor-button-text\">Clique aqui E ASSINE A ESTANTE PENTECOSTAL!<\/span>\n\t\t\t\t\t<\/span>\n\t\t\t\t\t<\/a>\n\t\t\t\t<\/div>\n\t\t\t\t\t\t\t\t<\/div>\n\t\t\t\t<\/div>\n\t\t\t\t<\/div>\n\t\t\t\t<\/div>\n\t\t\t\t<\/div>\n\t\t\t\t<div class=\"elementor-element elementor-element-9975330 elementor-widget elementor-widget-image\" data-id=\"9975330\" data-element_type=\"widget\" data-e-type=\"widget\" data-widget_type=\"image.default\">\n\t\t\t\t<div class=\"elementor-widget-container\">\n\t\t\t\t\t\t\t\t\t\t\t\t\t\t\t<img loading=\"lazy\" decoding=\"async\" width=\"300\" height=\"83\" src=\"https:\/\/eetad.com.br\/wp-content\/uploads\/2024\/11\/ESTANTE-PENTECOSTAL-POSTAGENS-17-1-300x83.png\" class=\"attachment-medium size-medium wp-image-7352\" alt=\"\" srcset=\"https:\/\/eetad.com.br\/wp-content\/uploads\/2024\/11\/ESTANTE-PENTECOSTAL-POSTAGENS-17-1-300x83.png 300w, https:\/\/eetad.com.br\/wp-content\/uploads\/2024\/11\/ESTANTE-PENTECOSTAL-POSTAGENS-17-1-1024x284.png 1024w, https:\/\/eetad.com.br\/wp-content\/uploads\/2024\/11\/ESTANTE-PENTECOSTAL-POSTAGENS-17-1-768x213.png 768w, https:\/\/eetad.com.br\/wp-content\/uploads\/2024\/11\/ESTANTE-PENTECOSTAL-POSTAGENS-17-1-1536x426.png 1536w, https:\/\/eetad.com.br\/wp-content\/uploads\/2024\/11\/ESTANTE-PENTECOSTAL-POSTAGENS-17-1.png 1710w\" sizes=\"(max-width: 300px) 100vw, 300px\" \/>\t\t\t\t\t\t\t\t\t\t\t\t\t\t\t<\/div>\n\t\t\t\t<\/div>\n\t\t\t\t\t<\/div>\n\t\t\t\t<\/div>\n\t\t\t\t<\/div>\n\t\t\t\t<section class=\"elementor-section elementor-top-section elementor-element elementor-element-aa32425 elementor-section-boxed elementor-section-height-default elementor-section-height-default\" data-id=\"aa32425\" data-element_type=\"section\" data-e-type=\"section\">\n\t\t\t\t\t\t<div class=\"elementor-container elementor-column-gap-default\">\n\t\t\t\t\t<div class=\"elementor-column elementor-col-100 elementor-top-column elementor-element elementor-element-ad8c65e\" data-id=\"ad8c65e\" data-element_type=\"column\" data-e-type=\"column\">\n\t\t\t<div class=\"elementor-widget-wrap\">\n\t\t\t\t\t\t\t<\/div>\n\t\t<\/div>\n\t\t\t\t\t<\/div>\n\t\t<\/section>\n\t\t\t\t<section class=\"elementor-section elementor-top-section elementor-element elementor-element-126d729 elementor-section-boxed elementor-section-height-default elementor-section-height-default\" data-id=\"126d729\" data-element_type=\"section\" data-e-type=\"section\">\n\t\t\t\t\t\t<div class=\"elementor-container elementor-column-gap-default\">\n\t\t\t\t\t<div class=\"elementor-column elementor-col-100 elementor-top-column elementor-element elementor-element-4871f6d\" data-id=\"4871f6d\" data-element_type=\"column\" data-e-type=\"column\">\n\t\t\t<div class=\"elementor-widget-wrap elementor-element-populated\">\n\t\t\t\t\t\t<div class=\"elementor-element elementor-element-60ec151 elementor-widget elementor-widget-spacer\" data-id=\"60ec151\" data-element_type=\"widget\" data-e-type=\"widget\" data-widget_type=\"spacer.default\">\n\t\t\t\t<div class=\"elementor-widget-container\">\n\t\t\t\t\t\t\t<div class=\"elementor-spacer\">\n\t\t\t<div class=\"elementor-spacer-inner\"><\/div>\n\t\t<\/div>\n\t\t\t\t\t\t<\/div>\n\t\t\t\t<\/div>\n\t\t\t\t\t<\/div>\n\t\t<\/div>\n\t\t\t\t\t<\/div>\n\t\t<\/section>\n\t\t\t\t<\/div>\n\t\t","protected":false},"excerpt":{"rendered":"<p>Sobre as Edi\u00e7\u00f5esBernhard Johnson As Edi\u00e7\u00f5es Bernhard Johnson apresentam um cat\u00e1logo com obras de excel\u00eancia que abordam temas cruciais para o fortalecimento da f\u00e9 crist\u00e3. Escatologia, lideran\u00e7a, fam\u00edlia e vida crist\u00e3 s\u00e3o categorias essenciais que comp\u00f5em essa cole\u00e7\u00e3o. Nossas obras foram elaboradas para proporcionar crescimento espiritual e edifica\u00e7\u00e3o pessoal. Clique aqui E ASSINE A ESTANTE [&hellip;]<\/p>\n","protected":false},"author":3,"featured_media":0,"parent":0,"menu_order":0,"comment_status":"closed","ping_status":"closed","template":"","meta":{"footnotes":""},"class_list":["post-7398","page","type-page","status-publish","hentry"],"_links":{"self":[{"href":"https:\/\/eetad.com.br\/index.php\/wp-json\/wp\/v2\/pages\/7398","targetHints":{"allow":["GET"]}}],"collection":[{"href":"https:\/\/eetad.com.br\/index.php\/wp-json\/wp\/v2\/pages"}],"about":[{"href":"https:\/\/eetad.com.br\/index.php\/wp-json\/wp\/v2\/types\/page"}],"author":[{"embeddable":true,"href":"https:\/\/eetad.com.br\/index.php\/wp-json\/wp\/v2\/users\/3"}],"replies":[{"embeddable":true,"href":"https:\/\/eetad.com.br\/index.php\/wp-json\/wp\/v2\/comments?post=7398"}],"version-history":[{"count":21,"href":"https:\/\/eetad.com.br\/index.php\/wp-json\/wp\/v2\/pages\/7398\/revisions"}],"predecessor-version":[{"id":7424,"href":"https:\/\/eetad.com.br\/index.php\/wp-json\/wp\/v2\/pages\/7398\/revisions\/7424"}],"wp:attachment":[{"href":"https:\/\/eetad.com.br\/index.php\/wp-json\/wp\/v2\/media?parent=7398"}],"curies":[{"name":"wp","href":"https:\/\/api.w.org\/{rel}","templated":true}]}}