{"id":9066,"date":"2026-04-09T10:21:34","date_gmt":"2026-04-09T13:21:34","guid":{"rendered":"https:\/\/eetad.com.br\/?page_id=9066"},"modified":"2026-04-09T13:14:38","modified_gmt":"2026-04-09T16:14:38","slug":"lp-ebooks-da-eetad","status":"publish","type":"page","link":"https:\/\/eetad.com.br\/index.php\/lp-ebooks-da-eetad\/","title":{"rendered":"LP &#8211; eBooks da EETAD"},"content":{"rendered":"\t\t<div data-elementor-type=\"wp-page\" data-elementor-id=\"9066\" class=\"elementor elementor-9066\">\n\t\t\t\t<div class=\"elementor-element elementor-element-e2d14d7 e-flex e-con-boxed e-con e-parent\" data-id=\"e2d14d7\" data-element_type=\"container\" data-e-type=\"container\">\n\t\t\t\t\t<div class=\"e-con-inner\">\n\t\t<div class=\"elementor-element elementor-element-d47d861 e-con-full e-flex e-con e-child\" data-id=\"d47d861\" data-element_type=\"container\" data-e-type=\"container\">\n\t\t<div class=\"elementor-element elementor-element-5903f7e e-con-full e-flex e-con e-child\" data-id=\"5903f7e\" data-element_type=\"container\" data-e-type=\"container\">\n\t\t\t\t<div class=\"elementor-element elementor-element-3ece704 elementor-widget elementor-widget-heading\" data-id=\"3ece704\" data-element_type=\"widget\" data-e-type=\"widget\" data-widget_type=\"heading.default\">\n\t\t\t\t<div class=\"elementor-widget-container\">\n\t\t\t\t\t<h2 class=\"elementor-heading-title elementor-size-default\">Somos \u00e0 maior rede de Amantes da Palavra Deus do Brasil<\/h2>\t\t\t\t<\/div>\n\t\t\t\t<\/div>\n\t\t\t\t<div class=\"elementor-element elementor-element-05b50ef elementor-widget elementor-widget-text-editor\" data-id=\"05b50ef\" data-element_type=\"widget\" data-e-type=\"widget\" data-widget_type=\"text-editor.default\">\n\t\t\t\t<div class=\"elementor-widget-container\">\n\t\t\t\t\t\t\t\t\t<p><span class=\"a_GcMg font-feature-liga-off font-feature-clig-off font-feature-calt-off text-decoration-none text-strikethrough-none\">\u00c9 uma alegria ter voc\u00ea conosco<\/span><span class=\"a_GcMg font-feature-liga-off font-feature-clig-off font-feature-calt-off text-decoration-none text-strikethrough-none\">, irm\u00e3o. Somos a <strong>escola teol\u00f3gica mais conceituada do pa\u00eds<\/strong> porque, <\/span><span style=\"text-decoration: underline;\"><strong><span class=\"a_GcMg font-feature-liga-off font-feature-clig-off font-feature-calt-off text-decoration-none text-strikethrough-none\">h\u00e1 47 anos e com mais de 300 mil alunos<\/span><\/strong><\/span><span class=\"a_GcMg font-feature-liga-off font-feature-clig-off font-feature-calt-off text-decoration-none text-strikethrough-none\">, defendemos a s\u00e3 doutrina e o ensino b\u00edblico com seriedade.<\/span><\/p>\t\t\t\t\t\t\t\t<\/div>\n\t\t\t\t<\/div>\n\t\t\t\t<div class=\"elementor-element elementor-element-4135b38 elementor-mobile-align-justify elementor-widget elementor-widget-button\" data-id=\"4135b38\" data-element_type=\"widget\" data-e-type=\"widget\" data-widget_type=\"button.default\">\n\t\t\t\t<div class=\"elementor-widget-container\">\n\t\t\t\t\t\t\t\t\t<div class=\"elementor-button-wrapper\">\n\t\t\t\t\t<a class=\"elementor-button elementor-button-link elementor-size-sm\" href=\"#Download_eBooks\">\n\t\t\t\t\t\t<span class=\"elementor-button-content-wrapper\">\n\t\t\t\t\t\t<span class=\"elementor-button-icon\">\n\t\t\t\t<i aria-hidden=\"true\" class=\"fas fa-handshake\"><\/i>\t\t\t<\/span>\n\t\t\t\t\t\t\t\t\t<span class=\"elementor-button-text\">QUERO MEUS 3 PRESENTES<\/span>\n\t\t\t\t\t<\/span>\n\t\t\t\t\t<\/a>\n\t\t\t\t<\/div>\n\t\t\t\t\t\t\t\t<\/div>\n\t\t\t\t<\/div>\n\t\t\t\t<\/div>\n\t\t\t\t<div class=\"elementor-element elementor-element-ea670fc elementor-widget elementor-widget-image\" data-id=\"ea670fc\" data-element_type=\"widget\" data-e-type=\"widget\" data-widget_type=\"image.default\">\n\t\t\t\t<div class=\"elementor-widget-container\">\n\t\t\t\t\t\t\t\t\t\t\t\t\t\t\t<img fetchpriority=\"high\" decoding=\"async\" width=\"800\" height=\"784\" src=\"https:\/\/eetad.com.br\/wp-content\/uploads\/2026\/04\/Landing-Page-EETAD-1024x1004.png\" class=\"attachment-large size-large wp-image-9071\" alt=\"\" srcset=\"https:\/\/eetad.com.br\/wp-content\/uploads\/2026\/04\/Landing-Page-EETAD-1024x1004.png 1024w, https:\/\/eetad.com.br\/wp-content\/uploads\/2026\/04\/Landing-Page-EETAD-300x294.png 300w, https:\/\/eetad.com.br\/wp-content\/uploads\/2026\/04\/Landing-Page-EETAD-768x753.png 768w, https:\/\/eetad.com.br\/wp-content\/uploads\/2026\/04\/Landing-Page-EETAD.png 1332w\" sizes=\"(max-width: 800px) 100vw, 800px\" \/>\t\t\t\t\t\t\t\t\t\t\t\t\t\t\t<\/div>\n\t\t\t\t<\/div>\n\t\t\t\t<\/div>\n\t\t\t\t\t<\/div>\n\t\t\t\t<\/div>\n\t\t<div class=\"elementor-element elementor-element-4a07956 e-flex e-con-boxed e-con e-parent\" data-id=\"4a07956\" data-element_type=\"container\" data-e-type=\"container\" id=\"Download_eBooks\">\n\t\t\t\t\t<div class=\"e-con-inner\">\n\t\t\t\t<div class=\"elementor-element elementor-element-860918b elementor-widget__width-initial elementor-widget-mobile__width-initial elementor-widget elementor-widget-heading\" data-id=\"860918b\" data-element_type=\"widget\" data-e-type=\"widget\" data-widget_type=\"heading.default\">\n\t\t\t\t<div class=\"elementor-widget-container\">\n\t\t\t\t\t<h2 class=\"elementor-heading-title elementor-size-default\">Se voc\u00ea chegou at\u00e9 aqui, \u00e9 porque caminha sob a mesma luz que n\u00f3s<\/h2>\t\t\t\t<\/div>\n\t\t\t\t<\/div>\n\t\t\t\t<div class=\"elementor-element elementor-element-e98fc3a elementor-list-item-link-inline elementor-align-center elementor-icon-list--layout-traditional elementor-widget elementor-widget-icon-list\" data-id=\"e98fc3a\" data-element_type=\"widget\" data-e-type=\"widget\" data-widget_type=\"icon-list.default\">\n\t\t\t\t<div class=\"elementor-widget-container\">\n\t\t\t\t\t\t\t<ul class=\"elementor-icon-list-items\">\n\t\t\t\t\t\t\t<li class=\"elementor-icon-list-item\">\n\t\t\t\t\t\t\t\t\t\t<span class=\"elementor-icon-list-text\">\ud83d\udd25 Tem sede de Deus e sente o fogo do chamado ministerial<\/span>\n\t\t\t\t\t\t\t\t\t<\/li>\n\t\t\t\t\t\t\t\t<li class=\"elementor-icon-list-item\">\n\t\t\t\t\t\t\t\t\t\t<span class=\"elementor-icon-list-text\">\ud83d\udcd6 Ama a Palavra e a defende como regra de f\u00e9 e pr\u00e1tica;<\/span>\n\t\t\t\t\t\t\t\t\t<\/li>\n\t\t\t\t\t\t\t\t<li class=\"elementor-icon-list-item\">\n\t\t\t\t\t\t\t\t\t\t<span class=\"elementor-icon-list-text\">\ud83d\udee1\ufe0f Zela pela fam\u00edlia tradicional e pelos valores crist\u00e3os;<\/span>\n\t\t\t\t\t\t\t\t\t<\/li>\n\t\t\t\t\t\t\t\t<li class=\"elementor-icon-list-item\">\n\t\t\t\t\t\t\t\t\t\t<span class=\"elementor-icon-list-text\">\ud83d\udd4a\ufe0f Cr\u00ea nos dons espirituais e aguarda o glorioso Arrebatamento da Igreja.<\/span>\n\t\t\t\t\t\t\t\t\t<\/li>\n\t\t\t\t\t\t<\/ul>\n\t\t\t\t\t\t<\/div>\n\t\t\t\t<\/div>\n\t\t<div class=\"elementor-element elementor-element-512ade0 e-con-full e-flex e-con e-child\" data-id=\"512ade0\" data-element_type=\"container\" data-e-type=\"container\">\n\t\t\t\t<div class=\"elementor-element elementor-element-33db737 elementor-widget__width-initial elementor-widget elementor-widget-heading\" data-id=\"33db737\" data-element_type=\"widget\" data-e-type=\"widget\" data-widget_type=\"heading.default\">\n\t\t\t\t<div class=\"elementor-widget-container\">\n\t\t\t\t\t<h2 class=\"elementor-heading-title elementor-size-default\">\u00c9 um privil\u00e9gio receber quem ama a Palavra de Deus e vive por ela, exatamente como a EETAD faz h\u00e1 47 anos.<\/h2>\t\t\t\t<\/div>\n\t\t\t\t<\/div>\n\t\t<div class=\"elementor-element elementor-element-b8ff023 e-con-full e-flex e-con e-child\" data-id=\"b8ff023\" data-element_type=\"container\" data-e-type=\"container\">\n\t\t\t\t<div class=\"elementor-element elementor-element-e52efdd elementor-widget elementor-widget-image\" data-id=\"e52efdd\" data-element_type=\"widget\" data-e-type=\"widget\" data-widget_type=\"image.default\">\n\t\t\t\t<div class=\"elementor-widget-container\">\n\t\t\t\t\t\t\t\t\t\t\t\t\t\t\t<img decoding=\"async\" width=\"301\" height=\"344\" src=\"https:\/\/eetad.com.br\/wp-content\/uploads\/2026\/04\/Landing-Page-EETAD-1.png\" class=\"attachment-large size-large wp-image-9085\" alt=\"\" srcset=\"https:\/\/eetad.com.br\/wp-content\/uploads\/2026\/04\/Landing-Page-EETAD-1.png 301w, https:\/\/eetad.com.br\/wp-content\/uploads\/2026\/04\/Landing-Page-EETAD-1-263x300.png 263w\" sizes=\"(max-width: 301px) 100vw, 301px\" \/>\t\t\t\t\t\t\t\t\t\t\t\t\t\t\t<\/div>\n\t\t\t\t<\/div>\n\t\t\t\t<div class=\"elementor-element elementor-element-b65e83f elementor-widget elementor-widget-image\" data-id=\"b65e83f\" data-element_type=\"widget\" data-e-type=\"widget\" data-widget_type=\"image.default\">\n\t\t\t\t<div class=\"elementor-widget-container\">\n\t\t\t\t\t\t\t\t\t\t\t\t\t\t\t<img decoding=\"async\" width=\"284\" height=\"337\" src=\"https:\/\/eetad.com.br\/wp-content\/uploads\/2026\/04\/Landing-Page-EETAD-2.png\" class=\"attachment-large size-large wp-image-9086\" alt=\"\" srcset=\"https:\/\/eetad.com.br\/wp-content\/uploads\/2026\/04\/Landing-Page-EETAD-2.png 284w, https:\/\/eetad.com.br\/wp-content\/uploads\/2026\/04\/Landing-Page-EETAD-2-253x300.png 253w\" sizes=\"(max-width: 284px) 100vw, 284px\" \/>\t\t\t\t\t\t\t\t\t\t\t\t\t\t\t<\/div>\n\t\t\t\t<\/div>\n\t\t\t\t<div class=\"elementor-element elementor-element-be26d4a elementor-widget elementor-widget-image\" data-id=\"be26d4a\" data-element_type=\"widget\" data-e-type=\"widget\" data-widget_type=\"image.default\">\n\t\t\t\t<div class=\"elementor-widget-container\">\n\t\t\t\t\t\t\t\t\t\t\t\t\t\t\t<img loading=\"lazy\" decoding=\"async\" width=\"269\" height=\"344\" src=\"https:\/\/eetad.com.br\/wp-content\/uploads\/2026\/04\/Landing-Page-EETAD-3.png\" class=\"attachment-large size-large wp-image-9087\" alt=\"\" srcset=\"https:\/\/eetad.com.br\/wp-content\/uploads\/2026\/04\/Landing-Page-EETAD-3.png 269w, https:\/\/eetad.com.br\/wp-content\/uploads\/2026\/04\/Landing-Page-EETAD-3-235x300.png 235w\" sizes=\"(max-width: 269px) 100vw, 269px\" \/>\t\t\t\t\t\t\t\t\t\t\t\t\t\t\t<\/div>\n\t\t\t\t<\/div>\n\t\t\t\t<\/div>\n\t\t\t\t<div class=\"elementor-element elementor-element-c7a1759 elementor-widget__width-initial elementor-widget elementor-widget-heading\" data-id=\"c7a1759\" data-element_type=\"widget\" data-e-type=\"widget\" data-widget_type=\"heading.default\">\n\t\t\t\t<div class=\"elementor-widget-container\">\n\t\t\t\t\t<h2 class=\"elementor-heading-title elementor-size-default\">Aten\u00e7\u00e3o, meu querido irm\u00e3o<\/h2>\t\t\t\t<\/div>\n\t\t\t\t<\/div>\n\t\t\t\t<div class=\"elementor-element elementor-element-c51ca85 elementor-widget__width-initial elementor-widget elementor-widget-text-editor\" data-id=\"c51ca85\" data-element_type=\"widget\" data-e-type=\"widget\" data-widget_type=\"text-editor.default\">\n\t\t\t\t<div class=\"elementor-widget-container\">\n\t\t\t\t\t\t\t\t\t<div class=\"Y3BBE\" data-sfc-cp=\"\" data-sfc-root=\"c\" data-sfc-cb=\"\" data-hveid=\"CAEIBBAA\" data-complete=\"true\" data-processed=\"true\"><p>Se voc\u00ea ainda n\u00e3o clicou em <strong class=\"Yjhzub\" data-sfc-root=\"c\" data-sfc-cb=\"\" data-complete=\"true\" data-processed=\"true\">&#8216;Seguir&#8217;<\/strong>\u00a0no nosso perfil, fa\u00e7a isso agora mesmo.<\/p><\/div><div class=\"Y3BBE\" data-sfc-cp=\"\" data-sfc-root=\"c\" data-sfc-cb=\"\" data-hveid=\"CAEIBRAA\" data-complete=\"true\" data-processed=\"true\"><p>Nossa miss\u00e3o \u00e9 compartilhar o conhecimento puro e, al\u00e9m destes 3 presentes, disponibilizamos continuamente em nossa p\u00e1gina in\u00fameras\u00a0<strong class=\"Yjhzub\" data-sfc-root=\"c\" data-sfc-cb=\"\" data-complete=\"true\" data-processed=\"true\">obras liter\u00e1rias (eBooks) de autores renomados<\/strong> e estudos profundos, exclusivos para quem caminha conosco no Instagram.<\/p><\/div><div class=\"Y3BBE\" data-sfc-cp=\"\" data-sfc-root=\"c\" data-sfc-cb=\"\" data-hveid=\"CAEIBhAA\" data-complete=\"true\" data-processed=\"true\" aria-owns=\"action-menu-parent-container\"><strong>N\u00e3o fique de fora das pr\u00f3ximas preciosidades que estamos preparando para quem \u00e9 amante da Palavra de Deus.<\/strong><\/div>\t\t\t\t\t\t\t\t<\/div>\n\t\t\t\t<\/div>\n\t\t\t\t<div class=\"elementor-element elementor-element-1aafc83 elementor-align-center elementor-widget elementor-widget-button\" data-id=\"1aafc83\" data-element_type=\"widget\" data-e-type=\"widget\" data-widget_type=\"button.default\">\n\t\t\t\t<div class=\"elementor-widget-container\">\n\t\t\t\t\t\t\t\t\t<div class=\"elementor-button-wrapper\">\n\t\t\t\t\t<a class=\"elementor-button elementor-button-link elementor-size-sm\" href=\"https:\/\/eetad.com.br\/index.php\/lp-obrigado-ebooks-da-eetad\/\">\n\t\t\t\t\t\t<span class=\"elementor-button-content-wrapper\">\n\t\t\t\t\t\t<span class=\"elementor-button-icon\">\n\t\t\t\t<i aria-hidden=\"true\" class=\"fas fa-handshake\"><\/i>\t\t\t<\/span>\n\t\t\t\t\t\t\t\t\t<span class=\"elementor-button-text\">BAIXAR MEUS EBOOKS AGORA<\/span>\n\t\t\t\t\t<\/span>\n\t\t\t\t\t<\/a>\n\t\t\t\t<\/div>\n\t\t\t\t\t\t\t\t<\/div>\n\t\t\t\t<\/div>\n\t\t\t\t<\/div>\n\t\t\t\t\t<\/div>\n\t\t\t\t<\/div>\n\t\t\t\t<\/div>\n\t\t","protected":false},"excerpt":{"rendered":"<p>Somos \u00e0 maior rede de Amantes da Palavra Deus do Brasil \u00c9 uma alegria ter voc\u00ea conosco, irm\u00e3o. Somos a escola teol\u00f3gica mais conceituada do pa\u00eds porque, h\u00e1 47 anos e com mais de 300 mil alunos, defendemos a s\u00e3 doutrina e o ensino b\u00edblico com seriedade. QUERO MEUS 3 PRESENTES Se voc\u00ea chegou at\u00e9 [&hellip;]<\/p>\n","protected":false},"author":4,"featured_media":0,"parent":0,"menu_order":0,"comment_status":"closed","ping_status":"closed","template":"elementor_canvas","meta":{"footnotes":""},"class_list":["post-9066","page","type-page","status-publish","hentry"],"_links":{"self":[{"href":"https:\/\/eetad.com.br\/index.php\/wp-json\/wp\/v2\/pages\/9066","targetHints":{"allow":["GET"]}}],"collection":[{"href":"https:\/\/eetad.com.br\/index.php\/wp-json\/wp\/v2\/pages"}],"about":[{"href":"https:\/\/eetad.com.br\/index.php\/wp-json\/wp\/v2\/types\/page"}],"author":[{"embeddable":true,"href":"https:\/\/eetad.com.br\/index.php\/wp-json\/wp\/v2\/users\/4"}],"replies":[{"embeddable":true,"href":"https:\/\/eetad.com.br\/index.php\/wp-json\/wp\/v2\/comments?post=9066"}],"version-history":[{"count":38,"href":"https:\/\/eetad.com.br\/index.php\/wp-json\/wp\/v2\/pages\/9066\/revisions"}],"predecessor-version":[{"id":9195,"href":"https:\/\/eetad.com.br\/index.php\/wp-json\/wp\/v2\/pages\/9066\/revisions\/9195"}],"wp:attachment":[{"href":"https:\/\/eetad.com.br\/index.php\/wp-json\/wp\/v2\/media?parent=9066"}],"curies":[{"name":"wp","href":"https:\/\/api.w.org\/{rel}","templated":true}]}}