{"id":9111,"date":"2026-04-09T11:23:04","date_gmt":"2026-04-09T14:23:04","guid":{"rendered":"https:\/\/eetad.com.br\/?page_id=9111"},"modified":"2026-04-09T11:33:28","modified_gmt":"2026-04-09T14:33:28","slug":"lp-obrigado-ebooks-da-eetad","status":"publish","type":"page","link":"https:\/\/eetad.com.br\/index.php\/lp-obrigado-ebooks-da-eetad\/","title":{"rendered":"LP obrigado &#8211; eBooks da EETAD"},"content":{"rendered":"\t\t<div data-elementor-type=\"wp-page\" data-elementor-id=\"9111\" class=\"elementor elementor-9111\">\n\t\t\t\t<div class=\"elementor-element elementor-element-e2d14d7 e-flex e-con-boxed e-con e-parent\" data-id=\"e2d14d7\" data-element_type=\"container\" data-e-type=\"container\">\n\t\t\t\t\t<div class=\"e-con-inner\">\n\t\t<div class=\"elementor-element elementor-element-d47d861 e-con-full e-flex e-con e-child\" data-id=\"d47d861\" data-element_type=\"container\" data-e-type=\"container\">\n\t\t<div class=\"elementor-element elementor-element-5903f7e e-con-full e-flex e-con e-child\" data-id=\"5903f7e\" data-element_type=\"container\" data-e-type=\"container\">\n\t\t\t\t<div class=\"elementor-element elementor-element-3ece704 elementor-widget elementor-widget-heading\" data-id=\"3ece704\" data-element_type=\"widget\" data-e-type=\"widget\" data-widget_type=\"heading.default\">\n\t\t\t\t<div class=\"elementor-widget-container\">\n\t\t\t\t\t<h2 class=\"elementor-heading-title elementor-size-default\">Paz do Senhor, querido irm\u00e3o e Amante da Palavra!<\/h2>\t\t\t\t<\/div>\n\t\t\t\t<\/div>\n\t\t\t\t<div class=\"elementor-element elementor-element-05b50ef elementor-widget elementor-widget-text-editor\" data-id=\"05b50ef\" data-element_type=\"widget\" data-e-type=\"widget\" data-widget_type=\"text-editor.default\">\n\t\t\t\t<div class=\"elementor-widget-container\">\n\t\t\t\t\t\t\t\t\t<div class=\"Y3BBE\" data-sfc-cp=\"\" data-sfc-root=\"c\" data-sfc-cb=\"\" data-hveid=\"CAEIBRAA\" data-complete=\"true\" data-processed=\"true\"><div class=\"Y3BBE\" data-sfc-cp=\"\" data-sfc-root=\"c\" data-sfc-cb=\"\" data-hveid=\"CAEIAhAA\" data-complete=\"true\" data-processed=\"true\">\u00c9 uma alegria ter voc\u00ea conosco! Seus eBooks est\u00e3o logo abaixo. Ao seguir a\u00a0<strong class=\"Yjhzub\" data-sfc-root=\"c\" data-sfc-cb=\"\" data-complete=\"true\" data-processed=\"true\">EETAD<\/strong>, voc\u00ea se une a uma hist\u00f3ria de 47 anos dedicada \u00e0 s\u00e3 doutrina e ao ensino teol\u00f3gico de excel\u00eancia.<\/div><\/div><div class=\"Y3BBE\" data-sfc-cp=\"\" data-sfc-root=\"c\" data-sfc-cb=\"\" data-hveid=\"CAEIBhAA\" data-complete=\"true\" data-processed=\"true\">\u00a0<\/div><div class=\"Y3BBE\" data-sfc-cp=\"\" data-sfc-root=\"c\" data-sfc-cb=\"\" data-hveid=\"CAEIBxAA\" data-complete=\"true\" data-processed=\"true\"><p><strong class=\"Yjhzub\" data-sfc-root=\"c\" data-sfc-cb=\"\" data-complete=\"true\" data-processed=\"true\">O que acontece agora?<\/strong><br data-sfc-root=\"c\" data-sfc-pl=\"|[]\" data-sfc-cb=\"\" data-complete=\"true\" data-processed=\"true\" \/>Fique atento ao nosso perfil no Instagram. Diariamente, compartilhamos p\u00edlulas de conhecimento, reflex\u00f5es b\u00edblicas e avisos sobre novas obras liter\u00e1rias <em>(eBooks)<\/em> que disponibilizamos exclusivamente para nossos seguidores.<\/p><\/div><div class=\"Y3BBE\" data-sfc-cp=\"\" data-sfc-root=\"c\" data-sfc-cb=\"\" data-hveid=\"CAEICBAA\" data-complete=\"true\" data-processed=\"true\">Bem-vindo \u00e0\u00a0<strong class=\"Yjhzub\" data-sfc-root=\"c\" data-sfc-cb=\"\" data-complete=\"true\" data-processed=\"true\">EETAD \u2013 <\/strong>Que Deus ilumine seus estudos!&#8221;<\/div>\t\t\t\t\t\t\t\t<\/div>\n\t\t\t\t<\/div>\n\t\t\t\t<div class=\"elementor-element elementor-element-4135b38 elementor-align-justify elementor-widget elementor-widget-button\" data-id=\"4135b38\" data-element_type=\"widget\" data-e-type=\"widget\" data-widget_type=\"button.default\">\n\t\t\t\t<div class=\"elementor-widget-container\">\n\t\t\t\t\t\t\t\t\t<div class=\"elementor-button-wrapper\">\n\t\t\t\t\t<a class=\"elementor-button elementor-button-link elementor-size-sm\" href=\"https:\/\/drive.google.com\/drive\/folders\/1EwI_fyDH1oN32IoJTJ6KslkpN9-PWk_j?usp=sharing\">\n\t\t\t\t\t\t<span class=\"elementor-button-content-wrapper\">\n\t\t\t\t\t\t<span class=\"elementor-button-icon\">\n\t\t\t\t<i aria-hidden=\"true\" class=\"fas fa-handshake\"><\/i>\t\t\t<\/span>\n\t\t\t\t\t\t\t\t\t<span class=\"elementor-button-text\">ACESSE SEUS EBOOKS<\/span>\n\t\t\t\t\t<\/span>\n\t\t\t\t\t<\/a>\n\t\t\t\t<\/div>\n\t\t\t\t\t\t\t\t<\/div>\n\t\t\t\t<\/div>\n\t\t\t\t<div class=\"elementor-element elementor-element-f10be2b elementor-align-justify elementor-widget elementor-widget-button\" data-id=\"f10be2b\" data-element_type=\"widget\" data-e-type=\"widget\" data-widget_type=\"button.default\">\n\t\t\t\t<div class=\"elementor-widget-container\">\n\t\t\t\t\t\t\t\t\t<div class=\"elementor-button-wrapper\">\n\t\t\t\t\t<a class=\"elementor-button elementor-button-link elementor-size-sm\" href=\"https:\/\/www.instagram.com\/eetadbr?igsh=MndieXE5dG5pMWl2&#038;utm_source=qr\">\n\t\t\t\t\t\t<span class=\"elementor-button-content-wrapper\">\n\t\t\t\t\t\t<span class=\"elementor-button-icon\">\n\t\t\t\t<i aria-hidden=\"true\" class=\"fas fa-handshake\"><\/i>\t\t\t<\/span>\n\t\t\t\t\t\t\t\t\t<span class=\"elementor-button-text\">VOLTAR PARA O INSTAGRAM DA EETAD<\/span>\n\t\t\t\t\t<\/span>\n\t\t\t\t\t<\/a>\n\t\t\t\t<\/div>\n\t\t\t\t\t\t\t\t<\/div>\n\t\t\t\t<\/div>\n\t\t\t\t<\/div>\n\t\t<div class=\"elementor-element elementor-element-0039f3c e-con-full e-flex e-con e-child\" data-id=\"0039f3c\" data-element_type=\"container\" data-e-type=\"container\">\n\t\t\t\t<div class=\"elementor-element elementor-element-ea670fc elementor-widget elementor-widget-image\" data-id=\"ea670fc\" data-element_type=\"widget\" data-e-type=\"widget\" data-widget_type=\"image.default\">\n\t\t\t\t<div class=\"elementor-widget-container\">\n\t\t\t\t\t\t\t\t\t\t\t\t\t\t\t<img fetchpriority=\"high\" decoding=\"async\" width=\"582\" height=\"609\" src=\"https:\/\/eetad.com.br\/wp-content\/uploads\/2026\/02\/GunarBergPastor.png\" class=\"attachment-large size-large wp-image-8983\" alt=\"\" srcset=\"https:\/\/eetad.com.br\/wp-content\/uploads\/2026\/02\/GunarBergPastor.png 582w, https:\/\/eetad.com.br\/wp-content\/uploads\/2026\/02\/GunarBergPastor-287x300.png 287w\" sizes=\"(max-width: 582px) 100vw, 582px\" \/>\t\t\t\t\t\t\t\t\t\t\t\t\t\t\t<\/div>\n\t\t\t\t<\/div>\n\t\t\t\t<div class=\"elementor-element elementor-element-8273bcd elementor-widget elementor-widget-text-editor\" data-id=\"8273bcd\" data-element_type=\"widget\" data-e-type=\"widget\" data-widget_type=\"text-editor.default\">\n\t\t\t\t<div class=\"elementor-widget-container\">\n\t\t\t\t\t\t\t\t\t<div class=\"Y3BBE\" data-sfc-cp=\"\" data-sfc-root=\"c\" data-sfc-cb=\"\" data-hveid=\"CAEIBRAA\" data-complete=\"true\" data-processed=\"true\"><div class=\"Y3BBE\" data-sfc-cp=\"\" data-sfc-root=\"c\" data-sfc-cb=\"\" data-hveid=\"CAEIAhAA\" data-complete=\"true\" data-processed=\"true\"><strong>Pastor Gunar Berg<\/strong>, <em>Superintendente da EETAD<\/em><\/div><\/div>\t\t\t\t\t\t\t\t<\/div>\n\t\t\t\t<\/div>\n\t\t\t\t<\/div>\n\t\t\t\t<\/div>\n\t\t\t\t\t<\/div>\n\t\t\t\t<\/div>\n\t\t\t\t<\/div>\n\t\t","protected":false},"excerpt":{"rendered":"<p>Paz do Senhor, querido irm\u00e3o e Amante da Palavra! \u00c9 uma alegria ter voc\u00ea conosco! Seus eBooks est\u00e3o logo abaixo. Ao seguir a\u00a0EETAD, voc\u00ea se une a uma hist\u00f3ria de 47 anos dedicada \u00e0 s\u00e3 doutrina e ao ensino teol\u00f3gico de excel\u00eancia.\u00a0 O que acontece agora?Fique atento ao nosso perfil no Instagram. Diariamente, compartilhamos p\u00edlulas [&hellip;]<\/p>\n","protected":false},"author":4,"featured_media":0,"parent":0,"menu_order":0,"comment_status":"closed","ping_status":"closed","template":"elementor_canvas","meta":{"footnotes":""},"class_list":["post-9111","page","type-page","status-publish","hentry"],"_links":{"self":[{"href":"https:\/\/eetad.com.br\/index.php\/wp-json\/wp\/v2\/pages\/9111","targetHints":{"allow":["GET"]}}],"collection":[{"href":"https:\/\/eetad.com.br\/index.php\/wp-json\/wp\/v2\/pages"}],"about":[{"href":"https:\/\/eetad.com.br\/index.php\/wp-json\/wp\/v2\/types\/page"}],"author":[{"embeddable":true,"href":"https:\/\/eetad.com.br\/index.php\/wp-json\/wp\/v2\/users\/4"}],"replies":[{"embeddable":true,"href":"https:\/\/eetad.com.br\/index.php\/wp-json\/wp\/v2\/comments?post=9111"}],"version-history":[{"count":4,"href":"https:\/\/eetad.com.br\/index.php\/wp-json\/wp\/v2\/pages\/9111\/revisions"}],"predecessor-version":[{"id":9117,"href":"https:\/\/eetad.com.br\/index.php\/wp-json\/wp\/v2\/pages\/9111\/revisions\/9117"}],"wp:attachment":[{"href":"https:\/\/eetad.com.br\/index.php\/wp-json\/wp\/v2\/media?parent=9111"}],"curies":[{"name":"wp","href":"https:\/\/api.w.org\/{rel}","templated":true}]}}